{"id":798,"date":"2024-11-11T23:50:10","date_gmt":"2024-11-11T23:50:10","guid":{"rendered":"https:\/\/banksia.cl\/?page_id=798"},"modified":"2024-11-19T16:00:44","modified_gmt":"2024-11-19T16:00:44","slug":"diseno-desarollo-web","status":"publish","type":"page","link":"https:\/\/banksia.cl\/en\/diseno-desarollo-web\/","title":{"rendered":"Dise\u00f1o y desarrollo web"},"content":{"rendered":"<p>&nbsp;<\/p>\n<p><span style=\"font-weight: 400;\">Si a\u00fan no das el paso de crear tu sitio web, tenemos noticias: Banksia es el lugar adecuado para eso. Nuestro servicio de desarrollo web le dar\u00e1 a tu organizaci\u00f3n espacio necesario para hospedar a tus clientes o audiencia.\u00a0<\/span><\/p>\n<p>&nbsp;<\/p>\n<p><span style=\"font-weight: 400;\">Un sitio web corporativo o comercial le dar\u00e1 viabilidad a tu negocio, profesionalismo, y te ayudar\u00e1 a generar leads y ventas. Adem\u00e1s, un sitio web permite recoger datos sobre los visitantes (por ejemplo, mediante Google Analytics), lo que ayuda a mejorar las estrategias comerciales y de marketing mediante el an\u00e1lisis de comportamientos y tendencias de los usuarios.<\/span><\/p>\n<p>&nbsp;<\/p>\n<p><span style=\"font-weight: 400;\">Nuestro servicio te guiar\u00e1 en el proceso para crear tu p\u00e1gina desde lo m\u00e1s b\u00e1sico, hasta la estrategia de creaci\u00f3n de contenidos y posicionamiento en buscadores. Nuestros planes ofrecen lo siguiente:<\/span><\/p>\n<p>&nbsp;<\/p>\n<h3><span style=\"font-weight: 400;\">Plan funcional<\/span><\/h3>\n<p>&nbsp;<\/p>\n<ul>\n<li style=\"font-weight: 400;\" aria-level=\"1\"><span style=\"font-weight: 400;\">Inscripci\u00f3n de dominio .CL por un a\u00f1o (con posibilidad de renovaci\u00f3n)<\/span><\/li>\n<li style=\"font-weight: 400;\" aria-level=\"1\"><span style=\"font-weight: 400;\">Hosting <\/span><span style=\"font-weight: 400;\">5 GB de almacenamiento <\/span>SSD + 10 Cuentas de Email + Certificado SSL por un a\u00f1o (con posibilidad de renovaci\u00f3n)<\/li>\n<li style=\"font-weight: 400;\" aria-level=\"1\"><span style=\"font-weight: 400;\">Dise\u00f1o de logo corporativo personalizado<\/span><\/li>\n<li style=\"font-weight: 400;\" aria-level=\"1\"><span style=\"font-weight: 400;\">Creaci\u00f3n de sitio web en WordPress + 5 p\u00e1ginas internas para contenidos<\/span><\/li>\n<li style=\"font-weight: 400;\" aria-level=\"1\"><span style=\"font-weight: 400;\">Instalaci\u00f3n de 5 plugins para potenciar tu negocio<\/span><\/li>\n<\/ul>\n<p>&nbsp;<\/p>\n<h3><span style=\"font-weight: 400;\">Plan web pro<\/span><\/h3>\n<p>&nbsp;<\/p>\n<ul>\n<li style=\"font-weight: 400;\" aria-level=\"1\"><span style=\"font-weight: 400;\">Todo lo del plan funcional\u00a0<\/span><\/li>\n<li style=\"font-weight: 400;\" aria-level=\"1\"><span style=\"font-weight: 400;\">Generaci\u00f3n de contenidos para el blog del sitio (recomendado): 5 art\u00edculos para potenciar tu SEO<\/span><\/li>\n<li style=\"font-weight: 400;\" aria-level=\"1\"><span style=\"font-weight: 400;\">Creaci\u00f3n y\/o administraci\u00f3n de redes sociales: dise\u00f1o de 10 publicaciones para potenciar tu audiencia.<\/span><\/li>\n<\/ul>\n<p>&nbsp;<\/p>\n<p><span style=\"font-weight: 400;\">\u00a1Queremos conocer tu organizaci\u00f3n! Cont\u00e1ctanos para conocer nuestros valores <a href=\"https:\/\/banksia.cl\/en\/contacto\/\">AQU\u00cd<\/a><\/span><\/p>","protected":false},"excerpt":{"rendered":"<p>&nbsp; Si a\u00fan no das el paso de crear tu sitio web, tenemos noticias: Banksia es el lugar adecuado para eso. Nuestro servicio de desarrollo web le dar\u00e1 a tu organizaci\u00f3n espacio necesario para hospedar a tus clientes o audiencia.\u00a0 &nbsp; Un sitio web corporativo o comercial le dar\u00e1 viabilidad a tu negocio, profesionalismo, y [&hellip;]<\/p>\n","protected":false},"author":1,"featured_media":1332,"parent":0,"menu_order":0,"comment_status":"closed","ping_status":"closed","template":"","meta":{"footnotes":""},"categories":[26],"tags":[],"class_list":["post-798","page","type-page","status-publish","has-post-thumbnail","hentry","category-servicios"],"yoast_head":"<!-- This site is optimized with the Yoast SEO plugin v27.3 - https:\/\/yoast.com\/product\/yoast-seo-wordpress\/ -->\n<title>Dise\u00f1o y desarrollo web - Agencia Banksia<\/title>\n<meta name=\"description\" content=\"Un sitio web corporativo o comercial le dar\u00e1 viabilidad a tu negocio, profesionalismo, y te ayudar\u00e1 a generar leads y ventas. \u00a1Cont\u00e1ctanos!\" \/>\n<meta name=\"robots\" content=\"index, follow, max-snippet:-1, max-image-preview:large, max-video-preview:-1\" \/>\n<link rel=\"canonical\" href=\"https:\/\/banksia.cl\/en\/diseno-desarollo-web\/\" \/>\n<meta property=\"og:locale\" content=\"en_US\" \/>\n<meta property=\"og:type\" content=\"article\" \/>\n<meta property=\"og:title\" content=\"Dise\u00f1o y desarrollo web - Agencia Banksia\" \/>\n<meta property=\"og:description\" content=\"Un sitio web corporativo o comercial le dar\u00e1 viabilidad a tu negocio, profesionalismo, y te ayudar\u00e1 a generar leads y ventas. \u00a1Cont\u00e1ctanos!\" \/>\n<meta property=\"og:url\" content=\"https:\/\/banksia.cl\/en\/diseno-desarollo-web\/\" \/>\n<meta property=\"og:site_name\" content=\"Agencia Banksia\" \/>\n<meta property=\"article:modified_time\" content=\"2024-11-19T16:00:44+00:00\" \/>\n<meta property=\"og:image\" content=\"https:\/\/banksia.cl\/wp-content\/uploads\/2024\/11\/web2.png\" \/>\n\t<meta property=\"og:image:width\" content=\"1057\" \/>\n\t<meta property=\"og:image:height\" content=\"547\" \/>\n\t<meta property=\"og:image:type\" content=\"image\/png\" \/>\n<meta name=\"twitter:card\" content=\"summary_large_image\" \/>\n<meta name=\"twitter:label1\" content=\"Est. reading time\" \/>\n\t<meta name=\"twitter:data1\" content=\"2 minutes\" \/>\n<script type=\"application\/ld+json\" class=\"yoast-schema-graph\">{\"@context\":\"https:\\\/\\\/schema.org\",\"@graph\":[{\"@type\":\"WebPage\",\"@id\":\"https:\\\/\\\/banksia.cl\\\/diseno-desarollo-web\\\/\",\"url\":\"https:\\\/\\\/banksia.cl\\\/diseno-desarollo-web\\\/\",\"name\":\"Dise\u00f1o y desarrollo web - Agencia Banksia\",\"isPartOf\":{\"@id\":\"https:\\\/\\\/banksia.cl\\\/#website\"},\"primaryImageOfPage\":{\"@id\":\"https:\\\/\\\/banksia.cl\\\/diseno-desarollo-web\\\/#primaryimage\"},\"image\":{\"@id\":\"https:\\\/\\\/banksia.cl\\\/diseno-desarollo-web\\\/#primaryimage\"},\"thumbnailUrl\":\"https:\\\/\\\/banksia.cl\\\/wp-content\\\/uploads\\\/2024\\\/11\\\/web2.png\",\"datePublished\":\"2024-11-11T23:50:10+00:00\",\"dateModified\":\"2024-11-19T16:00:44+00:00\",\"description\":\"Un sitio web corporativo o comercial le dar\u00e1 viabilidad a tu negocio, profesionalismo, y te ayudar\u00e1 a generar leads y ventas. \u00a1Cont\u00e1ctanos!\",\"breadcrumb\":{\"@id\":\"https:\\\/\\\/banksia.cl\\\/diseno-desarollo-web\\\/#breadcrumb\"},\"inLanguage\":\"en-AU\",\"potentialAction\":[{\"@type\":\"ReadAction\",\"target\":[\"https:\\\/\\\/banksia.cl\\\/diseno-desarollo-web\\\/\"]}]},{\"@type\":\"ImageObject\",\"inLanguage\":\"en-AU\",\"@id\":\"https:\\\/\\\/banksia.cl\\\/diseno-desarollo-web\\\/#primaryimage\",\"url\":\"https:\\\/\\\/banksia.cl\\\/wp-content\\\/uploads\\\/2024\\\/11\\\/web2.png\",\"contentUrl\":\"https:\\\/\\\/banksia.cl\\\/wp-content\\\/uploads\\\/2024\\\/11\\\/web2.png\",\"width\":1057,\"height\":547},{\"@type\":\"BreadcrumbList\",\"@id\":\"https:\\\/\\\/banksia.cl\\\/diseno-desarollo-web\\\/#breadcrumb\",\"itemListElement\":[{\"@type\":\"ListItem\",\"position\":1,\"name\":\"Portada\",\"item\":\"https:\\\/\\\/banksia.cl\\\/\"},{\"@type\":\"ListItem\",\"position\":2,\"name\":\"Dise\u00f1o y desarrollo web\"}]},{\"@type\":\"WebSite\",\"@id\":\"https:\\\/\\\/banksia.cl\\\/#website\",\"url\":\"https:\\\/\\\/banksia.cl\\\/\",\"name\":\"Agencia Banksia\",\"description\":\"Comunicaciones y marketing digital\",\"publisher\":{\"@id\":\"https:\\\/\\\/banksia.cl\\\/#organization\"},\"potentialAction\":[{\"@type\":\"SearchAction\",\"target\":{\"@type\":\"EntryPoint\",\"urlTemplate\":\"https:\\\/\\\/banksia.cl\\\/?s={search_term_string}\"},\"query-input\":{\"@type\":\"PropertyValueSpecification\",\"valueRequired\":true,\"valueName\":\"search_term_string\"}}],\"inLanguage\":\"en-AU\"},{\"@type\":\"Organization\",\"@id\":\"https:\\\/\\\/banksia.cl\\\/#organization\",\"name\":\"Agencia Banksia\",\"url\":\"https:\\\/\\\/banksia.cl\\\/\",\"logo\":{\"@type\":\"ImageObject\",\"inLanguage\":\"en-AU\",\"@id\":\"https:\\\/\\\/banksia.cl\\\/#\\\/schema\\\/logo\\\/image\\\/\",\"url\":\"https:\\\/\\\/banksia.cl\\\/wp-content\\\/uploads\\\/2024\\\/11\\\/bannermax4.png\",\"contentUrl\":\"https:\\\/\\\/banksia.cl\\\/wp-content\\\/uploads\\\/2024\\\/11\\\/bannermax4.png\",\"width\":1840,\"height\":362,\"caption\":\"Agencia Banksia\"},\"image\":{\"@id\":\"https:\\\/\\\/banksia.cl\\\/#\\\/schema\\\/logo\\\/image\\\/\"}}]}<\/script>\n<!-- \/ Yoast SEO plugin. -->","yoast_head_json":{"title":"Dise\u00f1o y desarrollo web - Agencia Banksia","description":"Un sitio web corporativo o comercial le dar\u00e1 viabilidad a tu negocio, profesionalismo, y te ayudar\u00e1 a generar leads y ventas. \u00a1Cont\u00e1ctanos!","robots":{"index":"index","follow":"follow","max-snippet":"max-snippet:-1","max-image-preview":"max-image-preview:large","max-video-preview":"max-video-preview:-1"},"canonical":"https:\/\/banksia.cl\/en\/diseno-desarollo-web\/","og_locale":"en_US","og_type":"article","og_title":"Dise\u00f1o y desarrollo web - Agencia Banksia","og_description":"Un sitio web corporativo o comercial le dar\u00e1 viabilidad a tu negocio, profesionalismo, y te ayudar\u00e1 a generar leads y ventas. \u00a1Cont\u00e1ctanos!","og_url":"https:\/\/banksia.cl\/en\/diseno-desarollo-web\/","og_site_name":"Agencia Banksia","article_modified_time":"2024-11-19T16:00:44+00:00","og_image":[{"width":1057,"height":547,"url":"https:\/\/banksia.cl\/wp-content\/uploads\/2024\/11\/web2.png","type":"image\/png"}],"twitter_card":"summary_large_image","twitter_misc":{"Est. reading time":"2 minutes"},"schema":{"@context":"https:\/\/schema.org","@graph":[{"@type":"WebPage","@id":"https:\/\/banksia.cl\/diseno-desarollo-web\/","url":"https:\/\/banksia.cl\/diseno-desarollo-web\/","name":"Dise\u00f1o y desarrollo web - Agencia Banksia","isPartOf":{"@id":"https:\/\/banksia.cl\/#website"},"primaryImageOfPage":{"@id":"https:\/\/banksia.cl\/diseno-desarollo-web\/#primaryimage"},"image":{"@id":"https:\/\/banksia.cl\/diseno-desarollo-web\/#primaryimage"},"thumbnailUrl":"https:\/\/banksia.cl\/wp-content\/uploads\/2024\/11\/web2.png","datePublished":"2024-11-11T23:50:10+00:00","dateModified":"2024-11-19T16:00:44+00:00","description":"Un sitio web corporativo o comercial le dar\u00e1 viabilidad a tu negocio, profesionalismo, y te ayudar\u00e1 a generar leads y ventas. \u00a1Cont\u00e1ctanos!","breadcrumb":{"@id":"https:\/\/banksia.cl\/diseno-desarollo-web\/#breadcrumb"},"inLanguage":"en-AU","potentialAction":[{"@type":"ReadAction","target":["https:\/\/banksia.cl\/diseno-desarollo-web\/"]}]},{"@type":"ImageObject","inLanguage":"en-AU","@id":"https:\/\/banksia.cl\/diseno-desarollo-web\/#primaryimage","url":"https:\/\/banksia.cl\/wp-content\/uploads\/2024\/11\/web2.png","contentUrl":"https:\/\/banksia.cl\/wp-content\/uploads\/2024\/11\/web2.png","width":1057,"height":547},{"@type":"BreadcrumbList","@id":"https:\/\/banksia.cl\/diseno-desarollo-web\/#breadcrumb","itemListElement":[{"@type":"ListItem","position":1,"name":"Portada","item":"https:\/\/banksia.cl\/"},{"@type":"ListItem","position":2,"name":"Dise\u00f1o y desarrollo web"}]},{"@type":"WebSite","@id":"https:\/\/banksia.cl\/#website","url":"https:\/\/banksia.cl\/","name":"Agencia Banksia","description":"Comunicaciones y marketing digital","publisher":{"@id":"https:\/\/banksia.cl\/#organization"},"potentialAction":[{"@type":"SearchAction","target":{"@type":"EntryPoint","urlTemplate":"https:\/\/banksia.cl\/?s={search_term_string}"},"query-input":{"@type":"PropertyValueSpecification","valueRequired":true,"valueName":"search_term_string"}}],"inLanguage":"en-AU"},{"@type":"Organization","@id":"https:\/\/banksia.cl\/#organization","name":"Agencia Banksia","url":"https:\/\/banksia.cl\/","logo":{"@type":"ImageObject","inLanguage":"en-AU","@id":"https:\/\/banksia.cl\/#\/schema\/logo\/image\/","url":"https:\/\/banksia.cl\/wp-content\/uploads\/2024\/11\/bannermax4.png","contentUrl":"https:\/\/banksia.cl\/wp-content\/uploads\/2024\/11\/bannermax4.png","width":1840,"height":362,"caption":"Agencia Banksia"},"image":{"@id":"https:\/\/banksia.cl\/#\/schema\/logo\/image\/"}}]}},"_links":{"self":[{"href":"https:\/\/banksia.cl\/en\/wp-json\/wp\/v2\/pages\/798","targetHints":{"allow":["GET"]}}],"collection":[{"href":"https:\/\/banksia.cl\/en\/wp-json\/wp\/v2\/pages"}],"about":[{"href":"https:\/\/banksia.cl\/en\/wp-json\/wp\/v2\/types\/page"}],"author":[{"embeddable":true,"href":"https:\/\/banksia.cl\/en\/wp-json\/wp\/v2\/users\/1"}],"replies":[{"embeddable":true,"href":"https:\/\/banksia.cl\/en\/wp-json\/wp\/v2\/comments?post=798"}],"version-history":[{"count":7,"href":"https:\/\/banksia.cl\/en\/wp-json\/wp\/v2\/pages\/798\/revisions"}],"predecessor-version":[{"id":1341,"href":"https:\/\/banksia.cl\/en\/wp-json\/wp\/v2\/pages\/798\/revisions\/1341"}],"wp:featuredmedia":[{"embeddable":true,"href":"https:\/\/banksia.cl\/en\/wp-json\/wp\/v2\/media\/1332"}],"wp:attachment":[{"href":"https:\/\/banksia.cl\/en\/wp-json\/wp\/v2\/media?parent=798"}],"wp:term":[{"taxonomy":"category","embeddable":true,"href":"https:\/\/banksia.cl\/en\/wp-json\/wp\/v2\/categories?post=798"},{"taxonomy":"post_tag","embeddable":true,"href":"https:\/\/banksia.cl\/en\/wp-json\/wp\/v2\/tags?post=798"}],"curies":[{"name":"wp","href":"https:\/\/api.w.org\/{rel}","templated":true}]}}