{"id":789,"date":"2024-11-11T23:01:19","date_gmt":"2024-11-11T23:01:19","guid":{"rendered":"https:\/\/banksia.cl\/?page_id=789"},"modified":"2024-12-04T17:58:06","modified_gmt":"2024-12-04T17:58:06","slug":"administracion-redes-sociales","status":"publish","type":"page","link":"https:\/\/banksia.cl\/en\/administracion-redes-sociales\/","title":{"rendered":"Administraci\u00f3n de redes sociales"},"content":{"rendered":"<p>&nbsp;<\/p>\n<p><span style=\"font-weight: 400;\">Dentro de toda estrategia digital, la presencia en redes sociales es casi una obligaci\u00f3n. La raz\u00f3n es simple: <a href=\"https:\/\/datareportal.com\/reports\/digital-2024-global-overview-report\">m\u00e1s del 65%<\/a> de la poblaci\u00f3n mundial las usa, por lo que de una u otra manera, siempre estamos expuestos a lo que ah\u00ed pase.\u00a0<\/span><\/p>\n<p>&nbsp;<\/p>\n<p><span style=\"font-weight: 400;\">Las organizaciones se benefician de las redes sociales de m\u00faltiples maneras, ya que estas plataformas facilitan la conexi\u00f3n directa con los clientes y permiten una comunicaci\u00f3n efectiva y en tiempo real. Entre las ventajas de estar presente se encuentra:\u00a0<\/span><\/p>\n<p>&nbsp;<\/p>\n<ul>\n<li style=\"font-weight: 400;\" aria-level=\"1\">Un mayor aumento de la visibilidad de la marca u organizaci\u00f3n<\/li>\n<li style=\"font-weight: 400;\" aria-level=\"1\">Interacci\u00f3n directa con los clientes<\/li>\n<li style=\"font-weight: 400;\" aria-level=\"1\">Promoci\u00f3n de productos y servicios<\/li>\n<li style=\"font-weight: 400;\" aria-level=\"1\">Generaci\u00f3n de tr\u00e1fico hacia el sitio web<\/li>\n<li style=\"font-weight: 400;\" aria-level=\"1\">Segmentaci\u00f3n y publicidad dirigida<\/li>\n<li style=\"font-weight: 400;\" aria-level=\"1\">Recopilaci\u00f3n de datos y an\u00e1lisis<\/li>\n<li style=\"font-weight: 400;\" aria-level=\"1\">Capacidad de respuesta r\u00e1pida en crisis<\/li>\n<\/ul>\n<p>&nbsp;<\/p>\n<p><span style=\"font-weight: 400;\">En pa\u00edses como Chile, las estad\u00edsticas hablan por s\u00ed solas. <\/span>Seg\u00fan <a href=\"https:\/\/datareportal.com\/reports\/digital-2024-chile\">DataReportal<\/a>, casi el 7<span style=\"font-weight: 400;\">8% de la poblaci\u00f3n usa redes sociales. Facebook e Instagram tienen 12 millones de usuarios. TikTok, 13.7M. Cifras de Google indican que YouTube va por los 15 millones, y LinkedIn dice que el alcance publicitario potencial de LinkedIn creci\u00f3 14.5% desde el 2023.<\/span><\/p>\n<p>&nbsp;<\/p>\n<h3>Potenciamos tu audiencia<\/h3>\n<p>&nbsp;<\/p>\n<p><span style=\"font-weight: 400;\">Pero seamos realistas. Por m\u00e1s que la cantidad de usuarios reclutados no deje de crecer, el mundo de las redes sociales es competitivo. Aqu\u00ed entramos nosotros. En Banksia tenemos las herramientas para generar contenidos de calidad y potenciar tu audiencia en redes sociales. Te ofrecemos lo siguiente:<\/span><\/p>\n<p>&nbsp;<\/p>\n<ul>\n<li style=\"font-weight: 400;\" aria-level=\"1\"><b>Planificaci\u00f3n de estrategias de contenido<\/b><span style=\"font-weight: 400;\">: Definir y ejecutar campa\u00f1as que aumenten el compromiso y la visibilidad de la marca, ya sea mediante promociones, concursos o contenido interesante.<\/span><\/li>\n<\/ul>\n<p>&nbsp;<\/p>\n<ul>\n<li style=\"font-weight: 400;\" aria-level=\"1\"><b>Gesti\u00f3n de redes sociales<\/b><span style=\"font-weight: 400;\">: Creaci\u00f3n, publicaci\u00f3n y monitoreo de contenido en las distintas plataformas, adaptando el mensaje seg\u00fan la audiencia de cada una.<\/span><\/li>\n<\/ul>\n<p>&nbsp;<\/p>\n<ul>\n<li style=\"font-weight: 400;\" aria-level=\"1\"><b>Interacci\u00f3n con la audiencia<\/b><span style=\"font-weight: 400;\">: Responder comentarios, mensajes directos y fomentar la conversaci\u00f3n en torno a la marca, creando un v\u00ednculo cercano con los seguidores y clientes potenciales.<\/span><\/li>\n<\/ul>\n<p>&nbsp;<\/p>\n<ul>\n<li style=\"font-weight: 400;\" aria-level=\"1\"><b>Gesti\u00f3n de la reputaci\u00f3n online<\/b><span style=\"font-weight: 400;\">: Monitorear las menciones a la marca en internet, gestionando tanto las cr\u00edticas como los elogios de manera profesional.<\/span><\/li>\n<\/ul>\n<p>&nbsp;<\/p>\n<ul>\n<li style=\"font-weight: 400;\" aria-level=\"1\"><b>An\u00e1lisis de datos<\/b><span style=\"font-weight: 400;\">: Evaluar el rendimiento de las publicaciones mediante m\u00e9tricas (como interacciones, alcance y conversiones) para mejorar las estrategias de contenido y marketing.<\/span><\/li>\n<\/ul>\n<p>&nbsp;<\/p>\n<ul>\n<li style=\"font-weight: 400;\" aria-level=\"1\"><b>Atenci\u00f3n al cliente<\/b><span style=\"font-weight: 400;\">: En muchas ocasiones, el Community Manager tambi\u00e9n es responsable de resolver dudas o problemas de los clientes, proporcionando una atenci\u00f3n de calidad a trav\u00e9s de redes sociales.<\/span><\/li>\n<\/ul>\n<p>&nbsp;<\/p>\n<p><span style=\"font-weight: 400;\">En Banksia tenemos el plan que tu audiencia necesita. Cont\u00e1ctanos y cu\u00e9ntanos m\u00e1s sobre tu organizaci\u00f3n, <a href=\"https:\/\/banksia.cl\/en\/contacto\/\">AQU\u00cd.<\/a><\/span><\/p>","protected":false},"excerpt":{"rendered":"<p>&nbsp; Dentro de toda estrategia digital, la presencia en redes sociales es casi una obligaci\u00f3n. La raz\u00f3n es simple: m\u00e1s del 65% de la poblaci\u00f3n mundial las usa, por lo que de una u otra manera, siempre estamos expuestos a lo que ah\u00ed pase.\u00a0 &nbsp; Las organizaciones se benefician de las redes sociales de m\u00faltiples [&hellip;]<\/p>\n","protected":false},"author":1,"featured_media":790,"parent":0,"menu_order":0,"comment_status":"closed","ping_status":"closed","template":"","meta":{"footnotes":""},"categories":[26],"tags":[],"class_list":["post-789","page","type-page","status-publish","has-post-thumbnail","hentry","category-servicios"],"yoast_head":"<!-- This site is optimized with the Yoast SEO plugin v27.3 - https:\/\/yoast.com\/product\/yoast-seo-wordpress\/ -->\n<title>Administraci\u00f3n de redes sociales - Agencia Banksia<\/title>\n<meta name=\"description\" content=\"En Banksia tenemos las herramientas para generar contenidos de calidad y potenciar tu audiencia en redes sociales.\" \/>\n<meta name=\"robots\" content=\"index, follow, max-snippet:-1, max-image-preview:large, max-video-preview:-1\" \/>\n<link rel=\"canonical\" href=\"https:\/\/banksia.cl\/en\/administracion-redes-sociales\/\" \/>\n<meta property=\"og:locale\" content=\"en_US\" \/>\n<meta property=\"og:type\" content=\"article\" \/>\n<meta property=\"og:title\" content=\"Administraci\u00f3n de redes sociales - Agencia Banksia\" \/>\n<meta property=\"og:description\" content=\"En Banksia tenemos las herramientas para generar contenidos de calidad y potenciar tu audiencia en redes sociales.\" \/>\n<meta property=\"og:url\" content=\"https:\/\/banksia.cl\/en\/administracion-redes-sociales\/\" \/>\n<meta property=\"og:site_name\" content=\"Agencia Banksia\" \/>\n<meta property=\"article:modified_time\" content=\"2024-12-04T17:58:06+00:00\" \/>\n<meta property=\"og:image\" content=\"https:\/\/banksia.cl\/wp-content\/uploads\/2024\/11\/redes-sociales-e1733335069442.png\" \/>\n\t<meta property=\"og:image:width\" content=\"1164\" \/>\n\t<meta property=\"og:image:height\" content=\"767\" \/>\n\t<meta property=\"og:image:type\" content=\"image\/png\" \/>\n<meta name=\"twitter:card\" content=\"summary_large_image\" \/>\n<meta name=\"twitter:label1\" content=\"Est. reading time\" \/>\n\t<meta name=\"twitter:data1\" content=\"3 minutes\" \/>\n<script type=\"application\/ld+json\" class=\"yoast-schema-graph\">{\"@context\":\"https:\\\/\\\/schema.org\",\"@graph\":[{\"@type\":\"WebPage\",\"@id\":\"https:\\\/\\\/banksia.cl\\\/administracion-redes-sociales\\\/\",\"url\":\"https:\\\/\\\/banksia.cl\\\/administracion-redes-sociales\\\/\",\"name\":\"Administraci\u00f3n de redes sociales - Agencia Banksia\",\"isPartOf\":{\"@id\":\"https:\\\/\\\/banksia.cl\\\/#website\"},\"primaryImageOfPage\":{\"@id\":\"https:\\\/\\\/banksia.cl\\\/administracion-redes-sociales\\\/#primaryimage\"},\"image\":{\"@id\":\"https:\\\/\\\/banksia.cl\\\/administracion-redes-sociales\\\/#primaryimage\"},\"thumbnailUrl\":\"https:\\\/\\\/banksia.cl\\\/wp-content\\\/uploads\\\/2024\\\/11\\\/redes-sociales-e1733335069442.png\",\"datePublished\":\"2024-11-11T23:01:19+00:00\",\"dateModified\":\"2024-12-04T17:58:06+00:00\",\"description\":\"En Banksia tenemos las herramientas para generar contenidos de calidad y potenciar tu audiencia en redes sociales.\",\"breadcrumb\":{\"@id\":\"https:\\\/\\\/banksia.cl\\\/administracion-redes-sociales\\\/#breadcrumb\"},\"inLanguage\":\"en-AU\",\"potentialAction\":[{\"@type\":\"ReadAction\",\"target\":[\"https:\\\/\\\/banksia.cl\\\/administracion-redes-sociales\\\/\"]}]},{\"@type\":\"ImageObject\",\"inLanguage\":\"en-AU\",\"@id\":\"https:\\\/\\\/banksia.cl\\\/administracion-redes-sociales\\\/#primaryimage\",\"url\":\"https:\\\/\\\/banksia.cl\\\/wp-content\\\/uploads\\\/2024\\\/11\\\/redes-sociales-e1733335069442.png\",\"contentUrl\":\"https:\\\/\\\/banksia.cl\\\/wp-content\\\/uploads\\\/2024\\\/11\\\/redes-sociales-e1733335069442.png\",\"width\":1164,\"height\":767},{\"@type\":\"BreadcrumbList\",\"@id\":\"https:\\\/\\\/banksia.cl\\\/administracion-redes-sociales\\\/#breadcrumb\",\"itemListElement\":[{\"@type\":\"ListItem\",\"position\":1,\"name\":\"Portada\",\"item\":\"https:\\\/\\\/banksia.cl\\\/\"},{\"@type\":\"ListItem\",\"position\":2,\"name\":\"Administraci\u00f3n de redes sociales\"}]},{\"@type\":\"WebSite\",\"@id\":\"https:\\\/\\\/banksia.cl\\\/#website\",\"url\":\"https:\\\/\\\/banksia.cl\\\/\",\"name\":\"Agencia Banksia\",\"description\":\"Comunicaciones y marketing digital\",\"publisher\":{\"@id\":\"https:\\\/\\\/banksia.cl\\\/#organization\"},\"potentialAction\":[{\"@type\":\"SearchAction\",\"target\":{\"@type\":\"EntryPoint\",\"urlTemplate\":\"https:\\\/\\\/banksia.cl\\\/?s={search_term_string}\"},\"query-input\":{\"@type\":\"PropertyValueSpecification\",\"valueRequired\":true,\"valueName\":\"search_term_string\"}}],\"inLanguage\":\"en-AU\"},{\"@type\":\"Organization\",\"@id\":\"https:\\\/\\\/banksia.cl\\\/#organization\",\"name\":\"Agencia Banksia\",\"url\":\"https:\\\/\\\/banksia.cl\\\/\",\"logo\":{\"@type\":\"ImageObject\",\"inLanguage\":\"en-AU\",\"@id\":\"https:\\\/\\\/banksia.cl\\\/#\\\/schema\\\/logo\\\/image\\\/\",\"url\":\"https:\\\/\\\/banksia.cl\\\/wp-content\\\/uploads\\\/2024\\\/11\\\/bannermax4.png\",\"contentUrl\":\"https:\\\/\\\/banksia.cl\\\/wp-content\\\/uploads\\\/2024\\\/11\\\/bannermax4.png\",\"width\":1840,\"height\":362,\"caption\":\"Agencia Banksia\"},\"image\":{\"@id\":\"https:\\\/\\\/banksia.cl\\\/#\\\/schema\\\/logo\\\/image\\\/\"}}]}<\/script>\n<!-- \/ Yoast SEO plugin. -->","yoast_head_json":{"title":"Administraci\u00f3n de redes sociales - Agencia Banksia","description":"En Banksia tenemos las herramientas para generar contenidos de calidad y potenciar tu audiencia en redes sociales.","robots":{"index":"index","follow":"follow","max-snippet":"max-snippet:-1","max-image-preview":"max-image-preview:large","max-video-preview":"max-video-preview:-1"},"canonical":"https:\/\/banksia.cl\/en\/administracion-redes-sociales\/","og_locale":"en_US","og_type":"article","og_title":"Administraci\u00f3n de redes sociales - Agencia Banksia","og_description":"En Banksia tenemos las herramientas para generar contenidos de calidad y potenciar tu audiencia en redes sociales.","og_url":"https:\/\/banksia.cl\/en\/administracion-redes-sociales\/","og_site_name":"Agencia Banksia","article_modified_time":"2024-12-04T17:58:06+00:00","og_image":[{"width":1164,"height":767,"url":"https:\/\/banksia.cl\/wp-content\/uploads\/2024\/11\/redes-sociales-e1733335069442.png","type":"image\/png"}],"twitter_card":"summary_large_image","twitter_misc":{"Est. reading time":"3 minutes"},"schema":{"@context":"https:\/\/schema.org","@graph":[{"@type":"WebPage","@id":"https:\/\/banksia.cl\/administracion-redes-sociales\/","url":"https:\/\/banksia.cl\/administracion-redes-sociales\/","name":"Administraci\u00f3n de redes sociales - Agencia Banksia","isPartOf":{"@id":"https:\/\/banksia.cl\/#website"},"primaryImageOfPage":{"@id":"https:\/\/banksia.cl\/administracion-redes-sociales\/#primaryimage"},"image":{"@id":"https:\/\/banksia.cl\/administracion-redes-sociales\/#primaryimage"},"thumbnailUrl":"https:\/\/banksia.cl\/wp-content\/uploads\/2024\/11\/redes-sociales-e1733335069442.png","datePublished":"2024-11-11T23:01:19+00:00","dateModified":"2024-12-04T17:58:06+00:00","description":"En Banksia tenemos las herramientas para generar contenidos de calidad y potenciar tu audiencia en redes sociales.","breadcrumb":{"@id":"https:\/\/banksia.cl\/administracion-redes-sociales\/#breadcrumb"},"inLanguage":"en-AU","potentialAction":[{"@type":"ReadAction","target":["https:\/\/banksia.cl\/administracion-redes-sociales\/"]}]},{"@type":"ImageObject","inLanguage":"en-AU","@id":"https:\/\/banksia.cl\/administracion-redes-sociales\/#primaryimage","url":"https:\/\/banksia.cl\/wp-content\/uploads\/2024\/11\/redes-sociales-e1733335069442.png","contentUrl":"https:\/\/banksia.cl\/wp-content\/uploads\/2024\/11\/redes-sociales-e1733335069442.png","width":1164,"height":767},{"@type":"BreadcrumbList","@id":"https:\/\/banksia.cl\/administracion-redes-sociales\/#breadcrumb","itemListElement":[{"@type":"ListItem","position":1,"name":"Portada","item":"https:\/\/banksia.cl\/"},{"@type":"ListItem","position":2,"name":"Administraci\u00f3n de redes sociales"}]},{"@type":"WebSite","@id":"https:\/\/banksia.cl\/#website","url":"https:\/\/banksia.cl\/","name":"Agencia Banksia","description":"Comunicaciones y marketing digital","publisher":{"@id":"https:\/\/banksia.cl\/#organization"},"potentialAction":[{"@type":"SearchAction","target":{"@type":"EntryPoint","urlTemplate":"https:\/\/banksia.cl\/?s={search_term_string}"},"query-input":{"@type":"PropertyValueSpecification","valueRequired":true,"valueName":"search_term_string"}}],"inLanguage":"en-AU"},{"@type":"Organization","@id":"https:\/\/banksia.cl\/#organization","name":"Agencia Banksia","url":"https:\/\/banksia.cl\/","logo":{"@type":"ImageObject","inLanguage":"en-AU","@id":"https:\/\/banksia.cl\/#\/schema\/logo\/image\/","url":"https:\/\/banksia.cl\/wp-content\/uploads\/2024\/11\/bannermax4.png","contentUrl":"https:\/\/banksia.cl\/wp-content\/uploads\/2024\/11\/bannermax4.png","width":1840,"height":362,"caption":"Agencia Banksia"},"image":{"@id":"https:\/\/banksia.cl\/#\/schema\/logo\/image\/"}}]}},"_links":{"self":[{"href":"https:\/\/banksia.cl\/en\/wp-json\/wp\/v2\/pages\/789","targetHints":{"allow":["GET"]}}],"collection":[{"href":"https:\/\/banksia.cl\/en\/wp-json\/wp\/v2\/pages"}],"about":[{"href":"https:\/\/banksia.cl\/en\/wp-json\/wp\/v2\/types\/page"}],"author":[{"embeddable":true,"href":"https:\/\/banksia.cl\/en\/wp-json\/wp\/v2\/users\/1"}],"replies":[{"embeddable":true,"href":"https:\/\/banksia.cl\/en\/wp-json\/wp\/v2\/comments?post=789"}],"version-history":[{"count":6,"href":"https:\/\/banksia.cl\/en\/wp-json\/wp\/v2\/pages\/789\/revisions"}],"predecessor-version":[{"id":1339,"href":"https:\/\/banksia.cl\/en\/wp-json\/wp\/v2\/pages\/789\/revisions\/1339"}],"wp:featuredmedia":[{"embeddable":true,"href":"https:\/\/banksia.cl\/en\/wp-json\/wp\/v2\/media\/790"}],"wp:attachment":[{"href":"https:\/\/banksia.cl\/en\/wp-json\/wp\/v2\/media?parent=789"}],"wp:term":[{"taxonomy":"category","embeddable":true,"href":"https:\/\/banksia.cl\/en\/wp-json\/wp\/v2\/categories?post=789"},{"taxonomy":"post_tag","embeddable":true,"href":"https:\/\/banksia.cl\/en\/wp-json\/wp\/v2\/tags?post=789"}],"curies":[{"name":"wp","href":"https:\/\/api.w.org\/{rel}","templated":true}]}}