{"id":785,"date":"2024-11-11T21:18:53","date_gmt":"2024-11-11T21:18:53","guid":{"rendered":"https:\/\/banksia.cl\/?page_id=785"},"modified":"2024-11-19T15:59:19","modified_gmt":"2024-11-19T15:59:19","slug":"publicidad-marketing-digital","status":"publish","type":"page","link":"https:\/\/banksia.cl\/en\/publicidad-marketing-digital\/","title":{"rendered":"Publicidad y marketing digital"},"content":{"rendered":"<p>&nbsp;<\/p>\n<p><span style=\"font-weight: 400;\">Para nadie es un misterio que las formas de generar audiencia y ganar clientes, caminan a pasos agigantados hacia el mundo digital. Desde el e-commerce, hasta organizaciones que buscan seguidores, tener presencia online y una buena estrategia de marketing digital, es un s\u00ed o s\u00ed para\u00a0 pr\u00e1cticamente cualquier empresa.<\/span><\/p>\n<p>&nbsp;<\/p>\n<p><span style=\"font-weight: 400;\">Las organizaciones deber\u00edan usar marketing digital por varias razones y, aunque es posible que esto ya lo hayas escuchado antes, te dejamos algunos puntos clave de por qu\u00e9 es relevante:<\/span><\/p>\n<p>&nbsp;<\/p>\n<ul>\n<li style=\"font-weight: 400;\" aria-level=\"1\"><span style=\"font-weight: 400;\">Segmentaci\u00f3n precisa y personalizada: Tiene en consideraci\u00f3n las caracter\u00edsticas demogr\u00e1ficas, intereses y comportamientos del p\u00fablico. Esto aumenta la relevancia y efectividad de las campa\u00f1as.<\/span><\/li>\n<li style=\"font-weight: 400;\" aria-level=\"1\"><span style=\"font-weight: 400;\">Se puede medir en tiempo real: Al medir cada campa\u00f1a en tiempo real, tambi\u00e9n se puede optimizar sobre la marcha. Esto permite a las organizaciones ajustar estrategias, reducir el desperdicio de recursos y enfocarse en las t\u00e1cticas que generan mejores resultados.<\/span><\/li>\n<li style=\"font-weight: 400;\" aria-level=\"1\"><span style=\"font-weight: 400;\">Costos eficientes: Comparado con el marketing tradicional, el marketing digital suele ser m\u00e1s econ\u00f3mico y brinda un mayor retorno de inversi\u00f3n (ROI).<\/span><\/li>\n<li style=\"font-weight: 400;\" aria-level=\"1\"><span style=\"font-weight: 400;\">Alcance y visibilidad global:\u00a0 Esto es particularmente beneficioso para empresas que desean expandirse en nuevos mercados o alcanzar clientes internacionales.<\/span><\/li>\n<li style=\"font-weight: 400;\" aria-level=\"1\"><span style=\"font-weight: 400;\">Interacci\u00f3n directa y construcci\u00f3n de relaciones: Facilita la interacci\u00f3n directa con los clientes, permitiendo responder a sus dudas, recibir feedback, y construir relaciones m\u00e1s s\u00f3lidas y duraderas.<\/span><\/li>\n<\/ul>\n<p>&nbsp;<\/p>\n<p><span style=\"font-weight: 400;\">En Agencia Banksia trabajamos para hacer esto posible. Por eso, creamos servicios con tus potenciales clientes en mente. \u00bfHas o\u00eddo hablar de los embudos de conversi\u00f3n o funnel? El objetivo de un funnel es guiar a los usuarios de forma estrat\u00e9gica hasta que realicen una acci\u00f3n espec\u00edfica, como una compra, una suscripci\u00f3n, o cualquier otra conversi\u00f3n importante para un negocio. Por eso, seguimos a tu audiencia desde el momento uno hasta su fidelizaci\u00f3n.<\/span><\/p>\n<p>&nbsp;<\/p>\n<h3><span style=\"font-weight: 400;\">Nuestros servicios incluyen<\/span><\/h3>\n<p>&nbsp;<\/p>\n<ul>\n<li><span style=\"font-weight: 400;\"><strong>Generaci\u00f3n de estrategia de contenido<\/strong>: Trabajamos contigo para entender tu negocio, necesidades y metas, con el objetivo de crear el contenido adecuado. Esto puede ser textos (copywriting), fotograf\u00edas o cualquier material que podamos publicitar, dependiendo del canal que seleccionemos.<\/span><\/li>\n<li><span style=\"font-weight: 400;\"><strong>SEO (Optimizaci\u00f3n en motores de b\u00fasqueda):<\/strong> Optimizamos dicho contenido y tu sitio web para que aparezca en los primeros resultados de b\u00fasqueda en Google y otros motores. Esto incluye el uso de palabras clave, optimizaci\u00f3n t\u00e9cnica, experiencia de usuario y creaci\u00f3n de backlinks de calidad.<\/span><\/li>\n<li><span style=\"font-weight: 400;\"><strong>Publicidad pagada (PPC):<\/strong> La publicidad digital, como Google Ads y anuncios en redes sociales, permite llegar r\u00e1pidamente a una audiencia espec\u00edfica mediante campa\u00f1as segmentadas y de pago por clic. Es efectiva para ganar visibilidad y generar leads o ventas en corto plazo.<\/span><\/li>\n<li><span style=\"font-weight: 400;\"><strong>Email marketing:<\/strong> Producir los correos adecuados sigue siendo una gran forma de mantenerse en contacto con leads y clientes. Es crucial en la conversi\u00f3n y fidelizaci\u00f3n de audiencia. En Banksia te ayudamos a crear el contenido adecuado, dependiendo de tu tipo de negocio.<\/span><\/li>\n<li><span style=\"font-weight: 400;\"><strong>Anal\u00edtica y medici\u00f3n:<\/strong> Medir el rendimiento de todas las campa\u00f1as y acciones de marketing es esencial para entender qu\u00e9 funciona y qu\u00e9 no. Herramientas como Google Analytics nos permiten monitorear el tr\u00e1fico, conversiones y otros indicadores clave.<\/span><\/li>\n<\/ul>\n<p>&nbsp;<\/p>\n<p><span style=\"font-weight: 400;\">Cont\u00e1ctanos para saber m\u00e1s de tu empresa y crearemos la campa\u00f1a que lleve tu negocio al siguiente nivel. <a href=\"https:\/\/banksia.cl\/en\/contacto\/\">\u00a1AQU\u00cd!<\/a><\/span><\/p>","protected":false},"excerpt":{"rendered":"<p>&nbsp; Para nadie es un misterio que las formas de generar audiencia y ganar clientes, caminan a pasos agigantados hacia el mundo digital. Desde el e-commerce, hasta organizaciones que buscan seguidores, tener presencia online y una buena estrategia de marketing digital, es un s\u00ed o s\u00ed para\u00a0 pr\u00e1cticamente cualquier empresa. &nbsp; Las organizaciones deber\u00edan usar [&hellip;]<\/p>\n","protected":false},"author":1,"featured_media":786,"parent":0,"menu_order":0,"comment_status":"closed","ping_status":"closed","template":"","meta":{"footnotes":""},"categories":[26],"tags":[],"class_list":["post-785","page","type-page","status-publish","has-post-thumbnail","hentry","category-servicios"],"yoast_head":"<!-- This site is optimized with the Yoast SEO plugin v27.3 - https:\/\/yoast.com\/product\/yoast-seo-wordpress\/ -->\n<title>Publicidad y marketing digital - Agencia Banksia<\/title>\n<meta name=\"description\" content=\"Seguimos a tu audiencia desde el momento uno hasta su fidelizaci\u00f3n. Creamos la campa\u00f1a de marketing que lleve tu negocio al siguiente nivel.\" \/>\n<meta name=\"robots\" content=\"index, follow, max-snippet:-1, max-image-preview:large, max-video-preview:-1\" \/>\n<link rel=\"canonical\" href=\"https:\/\/banksia.cl\/en\/publicidad-marketing-digital\/\" \/>\n<meta property=\"og:locale\" content=\"en_US\" \/>\n<meta property=\"og:type\" content=\"article\" \/>\n<meta property=\"og:title\" content=\"Publicidad y marketing digital - Agencia Banksia\" \/>\n<meta property=\"og:description\" content=\"Seguimos a tu audiencia desde el momento uno hasta su fidelizaci\u00f3n. Creamos la campa\u00f1a de marketing que lleve tu negocio al siguiente nivel.\" \/>\n<meta property=\"og:url\" content=\"https:\/\/banksia.cl\/en\/publicidad-marketing-digital\/\" \/>\n<meta property=\"og:site_name\" content=\"Agencia Banksia\" \/>\n<meta property=\"article:modified_time\" content=\"2024-11-19T15:59:19+00:00\" \/>\n<meta property=\"og:image\" content=\"https:\/\/banksia.cl\/wp-content\/uploads\/2024\/11\/emailmarketing.jpg\" \/>\n\t<meta property=\"og:image:width\" content=\"1600\" \/>\n\t<meta property=\"og:image:height\" content=\"1200\" \/>\n\t<meta property=\"og:image:type\" content=\"image\/jpeg\" \/>\n<meta name=\"twitter:card\" content=\"summary_large_image\" \/>\n<meta name=\"twitter:label1\" content=\"Est. reading time\" \/>\n\t<meta name=\"twitter:data1\" content=\"3 minutes\" \/>\n<script type=\"application\/ld+json\" class=\"yoast-schema-graph\">{\"@context\":\"https:\\\/\\\/schema.org\",\"@graph\":[{\"@type\":\"WebPage\",\"@id\":\"https:\\\/\\\/banksia.cl\\\/publicidad-marketing-digital\\\/\",\"url\":\"https:\\\/\\\/banksia.cl\\\/publicidad-marketing-digital\\\/\",\"name\":\"Publicidad y marketing digital - Agencia Banksia\",\"isPartOf\":{\"@id\":\"https:\\\/\\\/banksia.cl\\\/#website\"},\"primaryImageOfPage\":{\"@id\":\"https:\\\/\\\/banksia.cl\\\/publicidad-marketing-digital\\\/#primaryimage\"},\"image\":{\"@id\":\"https:\\\/\\\/banksia.cl\\\/publicidad-marketing-digital\\\/#primaryimage\"},\"thumbnailUrl\":\"https:\\\/\\\/banksia.cl\\\/wp-content\\\/uploads\\\/2024\\\/11\\\/emailmarketing.jpg\",\"datePublished\":\"2024-11-11T21:18:53+00:00\",\"dateModified\":\"2024-11-19T15:59:19+00:00\",\"description\":\"Seguimos a tu audiencia desde el momento uno hasta su fidelizaci\u00f3n. Creamos la campa\u00f1a de marketing que lleve tu negocio al siguiente nivel.\",\"breadcrumb\":{\"@id\":\"https:\\\/\\\/banksia.cl\\\/publicidad-marketing-digital\\\/#breadcrumb\"},\"inLanguage\":\"en-AU\",\"potentialAction\":[{\"@type\":\"ReadAction\",\"target\":[\"https:\\\/\\\/banksia.cl\\\/publicidad-marketing-digital\\\/\"]}]},{\"@type\":\"ImageObject\",\"inLanguage\":\"en-AU\",\"@id\":\"https:\\\/\\\/banksia.cl\\\/publicidad-marketing-digital\\\/#primaryimage\",\"url\":\"https:\\\/\\\/banksia.cl\\\/wp-content\\\/uploads\\\/2024\\\/11\\\/emailmarketing.jpg\",\"contentUrl\":\"https:\\\/\\\/banksia.cl\\\/wp-content\\\/uploads\\\/2024\\\/11\\\/emailmarketing.jpg\",\"width\":1600,\"height\":1200,\"caption\":\"Publicidad y marketing digital\"},{\"@type\":\"BreadcrumbList\",\"@id\":\"https:\\\/\\\/banksia.cl\\\/publicidad-marketing-digital\\\/#breadcrumb\",\"itemListElement\":[{\"@type\":\"ListItem\",\"position\":1,\"name\":\"Portada\",\"item\":\"https:\\\/\\\/banksia.cl\\\/\"},{\"@type\":\"ListItem\",\"position\":2,\"name\":\"Publicidad y marketing digital\"}]},{\"@type\":\"WebSite\",\"@id\":\"https:\\\/\\\/banksia.cl\\\/#website\",\"url\":\"https:\\\/\\\/banksia.cl\\\/\",\"name\":\"Agencia Banksia\",\"description\":\"Comunicaciones y marketing digital\",\"publisher\":{\"@id\":\"https:\\\/\\\/banksia.cl\\\/#organization\"},\"potentialAction\":[{\"@type\":\"SearchAction\",\"target\":{\"@type\":\"EntryPoint\",\"urlTemplate\":\"https:\\\/\\\/banksia.cl\\\/?s={search_term_string}\"},\"query-input\":{\"@type\":\"PropertyValueSpecification\",\"valueRequired\":true,\"valueName\":\"search_term_string\"}}],\"inLanguage\":\"en-AU\"},{\"@type\":\"Organization\",\"@id\":\"https:\\\/\\\/banksia.cl\\\/#organization\",\"name\":\"Agencia Banksia\",\"url\":\"https:\\\/\\\/banksia.cl\\\/\",\"logo\":{\"@type\":\"ImageObject\",\"inLanguage\":\"en-AU\",\"@id\":\"https:\\\/\\\/banksia.cl\\\/#\\\/schema\\\/logo\\\/image\\\/\",\"url\":\"https:\\\/\\\/banksia.cl\\\/wp-content\\\/uploads\\\/2024\\\/11\\\/bannermax4.png\",\"contentUrl\":\"https:\\\/\\\/banksia.cl\\\/wp-content\\\/uploads\\\/2024\\\/11\\\/bannermax4.png\",\"width\":1840,\"height\":362,\"caption\":\"Agencia Banksia\"},\"image\":{\"@id\":\"https:\\\/\\\/banksia.cl\\\/#\\\/schema\\\/logo\\\/image\\\/\"}}]}<\/script>\n<!-- \/ Yoast SEO plugin. -->","yoast_head_json":{"title":"Publicidad y marketing digital - Agencia Banksia","description":"Seguimos a tu audiencia desde el momento uno hasta su fidelizaci\u00f3n. Creamos la campa\u00f1a de marketing que lleve tu negocio al siguiente nivel.","robots":{"index":"index","follow":"follow","max-snippet":"max-snippet:-1","max-image-preview":"max-image-preview:large","max-video-preview":"max-video-preview:-1"},"canonical":"https:\/\/banksia.cl\/en\/publicidad-marketing-digital\/","og_locale":"en_US","og_type":"article","og_title":"Publicidad y marketing digital - Agencia Banksia","og_description":"Seguimos a tu audiencia desde el momento uno hasta su fidelizaci\u00f3n. Creamos la campa\u00f1a de marketing que lleve tu negocio al siguiente nivel.","og_url":"https:\/\/banksia.cl\/en\/publicidad-marketing-digital\/","og_site_name":"Agencia Banksia","article_modified_time":"2024-11-19T15:59:19+00:00","og_image":[{"width":1600,"height":1200,"url":"https:\/\/banksia.cl\/wp-content\/uploads\/2024\/11\/emailmarketing.jpg","type":"image\/jpeg"}],"twitter_card":"summary_large_image","twitter_misc":{"Est. reading time":"3 minutes"},"schema":{"@context":"https:\/\/schema.org","@graph":[{"@type":"WebPage","@id":"https:\/\/banksia.cl\/publicidad-marketing-digital\/","url":"https:\/\/banksia.cl\/publicidad-marketing-digital\/","name":"Publicidad y marketing digital - Agencia Banksia","isPartOf":{"@id":"https:\/\/banksia.cl\/#website"},"primaryImageOfPage":{"@id":"https:\/\/banksia.cl\/publicidad-marketing-digital\/#primaryimage"},"image":{"@id":"https:\/\/banksia.cl\/publicidad-marketing-digital\/#primaryimage"},"thumbnailUrl":"https:\/\/banksia.cl\/wp-content\/uploads\/2024\/11\/emailmarketing.jpg","datePublished":"2024-11-11T21:18:53+00:00","dateModified":"2024-11-19T15:59:19+00:00","description":"Seguimos a tu audiencia desde el momento uno hasta su fidelizaci\u00f3n. Creamos la campa\u00f1a de marketing que lleve tu negocio al siguiente nivel.","breadcrumb":{"@id":"https:\/\/banksia.cl\/publicidad-marketing-digital\/#breadcrumb"},"inLanguage":"en-AU","potentialAction":[{"@type":"ReadAction","target":["https:\/\/banksia.cl\/publicidad-marketing-digital\/"]}]},{"@type":"ImageObject","inLanguage":"en-AU","@id":"https:\/\/banksia.cl\/publicidad-marketing-digital\/#primaryimage","url":"https:\/\/banksia.cl\/wp-content\/uploads\/2024\/11\/emailmarketing.jpg","contentUrl":"https:\/\/banksia.cl\/wp-content\/uploads\/2024\/11\/emailmarketing.jpg","width":1600,"height":1200,"caption":"Publicidad y marketing digital"},{"@type":"BreadcrumbList","@id":"https:\/\/banksia.cl\/publicidad-marketing-digital\/#breadcrumb","itemListElement":[{"@type":"ListItem","position":1,"name":"Portada","item":"https:\/\/banksia.cl\/"},{"@type":"ListItem","position":2,"name":"Publicidad y marketing digital"}]},{"@type":"WebSite","@id":"https:\/\/banksia.cl\/#website","url":"https:\/\/banksia.cl\/","name":"Agencia Banksia","description":"Comunicaciones y marketing digital","publisher":{"@id":"https:\/\/banksia.cl\/#organization"},"potentialAction":[{"@type":"SearchAction","target":{"@type":"EntryPoint","urlTemplate":"https:\/\/banksia.cl\/?s={search_term_string}"},"query-input":{"@type":"PropertyValueSpecification","valueRequired":true,"valueName":"search_term_string"}}],"inLanguage":"en-AU"},{"@type":"Organization","@id":"https:\/\/banksia.cl\/#organization","name":"Agencia Banksia","url":"https:\/\/banksia.cl\/","logo":{"@type":"ImageObject","inLanguage":"en-AU","@id":"https:\/\/banksia.cl\/#\/schema\/logo\/image\/","url":"https:\/\/banksia.cl\/wp-content\/uploads\/2024\/11\/bannermax4.png","contentUrl":"https:\/\/banksia.cl\/wp-content\/uploads\/2024\/11\/bannermax4.png","width":1840,"height":362,"caption":"Agencia Banksia"},"image":{"@id":"https:\/\/banksia.cl\/#\/schema\/logo\/image\/"}}]}},"_links":{"self":[{"href":"https:\/\/banksia.cl\/en\/wp-json\/wp\/v2\/pages\/785","targetHints":{"allow":["GET"]}}],"collection":[{"href":"https:\/\/banksia.cl\/en\/wp-json\/wp\/v2\/pages"}],"about":[{"href":"https:\/\/banksia.cl\/en\/wp-json\/wp\/v2\/types\/page"}],"author":[{"embeddable":true,"href":"https:\/\/banksia.cl\/en\/wp-json\/wp\/v2\/users\/1"}],"replies":[{"embeddable":true,"href":"https:\/\/banksia.cl\/en\/wp-json\/wp\/v2\/comments?post=785"}],"version-history":[{"count":4,"href":"https:\/\/banksia.cl\/en\/wp-json\/wp\/v2\/pages\/785\/revisions"}],"predecessor-version":[{"id":1338,"href":"https:\/\/banksia.cl\/en\/wp-json\/wp\/v2\/pages\/785\/revisions\/1338"}],"wp:featuredmedia":[{"embeddable":true,"href":"https:\/\/banksia.cl\/en\/wp-json\/wp\/v2\/media\/786"}],"wp:attachment":[{"href":"https:\/\/banksia.cl\/en\/wp-json\/wp\/v2\/media?parent=785"}],"wp:term":[{"taxonomy":"category","embeddable":true,"href":"https:\/\/banksia.cl\/en\/wp-json\/wp\/v2\/categories?post=785"},{"taxonomy":"post_tag","embeddable":true,"href":"https:\/\/banksia.cl\/en\/wp-json\/wp\/v2\/tags?post=785"}],"curies":[{"name":"wp","href":"https:\/\/api.w.org\/{rel}","templated":true}]}}