{"id":64,"date":"2024-10-28T17:33:26","date_gmt":"2024-10-28T17:33:26","guid":{"rendered":"https:\/\/banksia.cl\/?page_id=64"},"modified":"2024-11-19T15:58:39","modified_gmt":"2024-11-19T15:58:39","slug":"comunicacion-institucional-prensa","status":"publish","type":"page","link":"https:\/\/banksia.cl\/en\/comunicacion-institucional-prensa\/","title":{"rendered":"Comunicaci\u00f3n institucional y gesti\u00f3n de prensa"},"content":{"rendered":"<p>&nbsp;<\/p>\n<p>En Agencia Banksia creemos que la comunicaci\u00f3n institucional es el pilar que sostiene la reputaci\u00f3n y el crecimiento de una empresa. En un mercado competitivo y en constante cambio, contar con un servicio profesional de comunicaci\u00f3n no es solo importante: es estrat\u00e9gico.<\/p>\n<p>&nbsp;<\/p>\n<p>La comunicaci\u00f3n institucional bien ejecutada es la clave para crear y mantener la confianza, ya que ayuda a gestionar la percepci\u00f3n p\u00fablica e interna de los valores, objetivos y logros de una organizaci\u00f3n. Con este respaldo, las empresas pueden enfrentar crisis con una estrategia s\u00f3lida, responder a situaciones sensibles de manera oportuna y comunicar sus \u00e9xitos sin perder el enfoque en su esencia.<\/p>\n<p>&nbsp;<\/p>\n<p>En Banksia trabajamos contigo para construir una comunicaci\u00f3n institucional que fortalezca tu marca, conecte con tu audiencia y se adapte a los cambios del entorno. Nuestro objetivo es que tu empresa no solo est\u00e9 presente, sino que tenga un impacto genuino y duradero.<\/p>\n<p>&nbsp;<\/p>\n<p>Para lo anterior creemos que es elemental que una organizaci\u00f3n cree protocolos de comunicaci\u00f3n interna y externa.<\/p>\n<p>&nbsp;<\/p>\n<h3>Canales internos<\/h3>\n<p>&nbsp;<\/p>\n<p>En Banksia tenemos experiencia construyendo procedimientos que ayudar\u00e1n a mejorar la agilidad de tu empresa u organizaci\u00f3n.<\/p>\n<p>&nbsp;<\/p>\n<p>Una empresa con una comunicaci\u00f3n interna bien dise\u00f1ada facilita que todos sus colaboradores est\u00e9n alineados y motivados, lo que se traduce en un equipo cohesionado y productivo. En esta l\u00ednea, ofrecemos servicios como:<\/p>\n<p>&nbsp;<\/p>\n<ul>\n<li>Creaci\u00f3n de protocolos de comunicaci\u00f3n interna.<\/li>\n<li>Comunicados internos pensados en tu equipo o posiciones estrat\u00e9gicas.<\/li>\n<li>Creaci\u00f3n y mantenci\u00f3n de recursos Intranet<\/li>\n<li>Medici\u00f3n y evaluaci\u00f3n del impacto de las medidas internas de tu compa\u00f1\u00eda.<\/li>\n<li>Planificaci\u00f3n y desarrollo de estrategias de comunicaci\u00f3n para alcanzar metas de la empresa.<\/li>\n<li>Producci\u00f3n de contenido multimedia centrado en la organizaci\u00f3n.<\/li>\n<li>Coordinaci\u00f3n de eventos y actividades internas.<\/li>\n<li>Seguimiento de procesos e informes de resultados.<\/li>\n<li>Asistir en la gesti\u00f3n de crisis internas.<\/li>\n<\/ul>\n<p>&nbsp;<\/p>\n<h3>Canales externos<\/h3>\n<p>&nbsp;<\/p>\n<p>Sabemos que el \u00e9xito de una compa\u00f1\u00eda tambi\u00e9n se mide por su imagen. Por eso, te ayudamos a gestionar y mejorar la presencia de la empresa ante el p\u00fablico externo, incluidos medios de comunicaci\u00f3n, clientes, stakeholders, y la comunidad en general. Nuestros servicios incluyen:<\/p>\n<p>&nbsp;<\/p>\n<ul>\n<li>Creaci\u00f3n de protocolos de comunicaci\u00f3n externa.<\/li>\n<li>Comunicados externos pensados en medios de comunicaci\u00f3n o grupos de inter\u00e9s.<\/li>\n<li>Gesti\u00f3n de prensa.<\/li>\n<li>Kit de prensa.<\/li>\n<li>Producci\u00f3n de contenidos para sitios web.<\/li>\n<li>Creaci\u00f3n de newsletter.<\/li>\n<li>Planificaci\u00f3n y evaluaci\u00f3n de estrategias comunicacionales.<\/li>\n<li>Producci\u00f3n de contenido multimedia centrado en p\u00fablicos objetivos.<\/li>\n<li>Coordinaci\u00f3n de eventos y actividades externas.<\/li>\n<li>Gesti\u00f3n de crisis externa.<\/li>\n<li>Seguimiento de procesos e informes de resultados.<\/li>\n<\/ul>\n<p>&nbsp;<\/p>\n<p>Estamos aqu\u00ed para ayudarte. No dudes en contarnos tu historia y encontraremos un plan a tu medida. <a href=\"https:\/\/banksia.cl\/en\/contacto\/\">\u00a1Cont\u00e1ctanos!<\/a><\/p>","protected":false},"excerpt":{"rendered":"<p>&nbsp; En Agencia Banksia creemos que la comunicaci\u00f3n institucional es el pilar que sostiene la reputaci\u00f3n y el crecimiento de una empresa. En un mercado competitivo y en constante cambio, contar con un servicio profesional de comunicaci\u00f3n no es solo importante: es estrat\u00e9gico. &nbsp; La comunicaci\u00f3n institucional bien ejecutada es la clave para crear y [&hellip;]<\/p>\n","protected":false},"author":1,"featured_media":781,"parent":0,"menu_order":0,"comment_status":"closed","ping_status":"closed","template":"","meta":{"footnotes":""},"categories":[26],"tags":[],"class_list":["post-64","page","type-page","status-publish","has-post-thumbnail","hentry","category-servicios"],"yoast_head":"<!-- This site is optimized with the Yoast SEO plugin v27.3 - https:\/\/yoast.com\/product\/yoast-seo-wordpress\/ -->\n<title>Comunicaci\u00f3n institucional y gesti\u00f3n de prensa - Agencia Banksia<\/title>\n<meta name=\"description\" content=\"En un mercado competitivo y en constante cambio, contar con un servicio profesional de comunicaci\u00f3n no es solo importante: es estrat\u00e9gico.\" \/>\n<meta name=\"robots\" content=\"index, follow, max-snippet:-1, max-image-preview:large, max-video-preview:-1\" \/>\n<link rel=\"canonical\" href=\"https:\/\/banksia.cl\/en\/comunicacion-institucional-prensa\/\" \/>\n<meta property=\"og:locale\" content=\"en_US\" \/>\n<meta property=\"og:type\" content=\"article\" \/>\n<meta property=\"og:title\" content=\"Comunicaci\u00f3n institucional y gesti\u00f3n de prensa - Agencia Banksia\" \/>\n<meta property=\"og:description\" content=\"En un mercado competitivo y en constante cambio, contar con un servicio profesional de comunicaci\u00f3n no es solo importante: es estrat\u00e9gico.\" \/>\n<meta property=\"og:url\" content=\"https:\/\/banksia.cl\/en\/comunicacion-institucional-prensa\/\" \/>\n<meta property=\"og:site_name\" content=\"Agencia Banksia\" \/>\n<meta property=\"article:modified_time\" content=\"2024-11-19T15:58:39+00:00\" \/>\n<meta property=\"og:image\" content=\"https:\/\/banksia.cl\/wp-content\/uploads\/2024\/11\/five-people-talking-over-a-tablet-cropped.webp\" \/>\n\t<meta property=\"og:image:width\" content=\"1609\" \/>\n\t<meta property=\"og:image:height\" content=\"536\" \/>\n\t<meta property=\"og:image:type\" content=\"image\/webp\" \/>\n<meta name=\"twitter:card\" content=\"summary_large_image\" \/>\n<meta name=\"twitter:label1\" content=\"Est. reading time\" \/>\n\t<meta name=\"twitter:data1\" content=\"3 minutes\" \/>\n<script type=\"application\/ld+json\" class=\"yoast-schema-graph\">{\"@context\":\"https:\\\/\\\/schema.org\",\"@graph\":[{\"@type\":\"WebPage\",\"@id\":\"https:\\\/\\\/banksia.cl\\\/comunicacion-institucional-prensa\\\/\",\"url\":\"https:\\\/\\\/banksia.cl\\\/comunicacion-institucional-prensa\\\/\",\"name\":\"Comunicaci\u00f3n institucional y gesti\u00f3n de prensa - Agencia Banksia\",\"isPartOf\":{\"@id\":\"https:\\\/\\\/banksia.cl\\\/#website\"},\"primaryImageOfPage\":{\"@id\":\"https:\\\/\\\/banksia.cl\\\/comunicacion-institucional-prensa\\\/#primaryimage\"},\"image\":{\"@id\":\"https:\\\/\\\/banksia.cl\\\/comunicacion-institucional-prensa\\\/#primaryimage\"},\"thumbnailUrl\":\"https:\\\/\\\/banksia.cl\\\/wp-content\\\/uploads\\\/2024\\\/11\\\/five-people-talking-over-a-tablet-cropped.webp\",\"datePublished\":\"2024-10-28T17:33:26+00:00\",\"dateModified\":\"2024-11-19T15:58:39+00:00\",\"description\":\"En un mercado competitivo y en constante cambio, contar con un servicio profesional de comunicaci\u00f3n no es solo importante: es estrat\u00e9gico.\",\"breadcrumb\":{\"@id\":\"https:\\\/\\\/banksia.cl\\\/comunicacion-institucional-prensa\\\/#breadcrumb\"},\"inLanguage\":\"en-AU\",\"potentialAction\":[{\"@type\":\"ReadAction\",\"target\":[\"https:\\\/\\\/banksia.cl\\\/comunicacion-institucional-prensa\\\/\"]}]},{\"@type\":\"ImageObject\",\"inLanguage\":\"en-AU\",\"@id\":\"https:\\\/\\\/banksia.cl\\\/comunicacion-institucional-prensa\\\/#primaryimage\",\"url\":\"https:\\\/\\\/banksia.cl\\\/wp-content\\\/uploads\\\/2024\\\/11\\\/five-people-talking-over-a-tablet-cropped.webp\",\"contentUrl\":\"https:\\\/\\\/banksia.cl\\\/wp-content\\\/uploads\\\/2024\\\/11\\\/five-people-talking-over-a-tablet-cropped.webp\",\"width\":1609,\"height\":536},{\"@type\":\"BreadcrumbList\",\"@id\":\"https:\\\/\\\/banksia.cl\\\/comunicacion-institucional-prensa\\\/#breadcrumb\",\"itemListElement\":[{\"@type\":\"ListItem\",\"position\":1,\"name\":\"Portada\",\"item\":\"https:\\\/\\\/banksia.cl\\\/\"},{\"@type\":\"ListItem\",\"position\":2,\"name\":\"Comunicaci\u00f3n institucional y gesti\u00f3n de prensa\"}]},{\"@type\":\"WebSite\",\"@id\":\"https:\\\/\\\/banksia.cl\\\/#website\",\"url\":\"https:\\\/\\\/banksia.cl\\\/\",\"name\":\"Agencia Banksia\",\"description\":\"Comunicaciones y marketing digital\",\"publisher\":{\"@id\":\"https:\\\/\\\/banksia.cl\\\/#organization\"},\"potentialAction\":[{\"@type\":\"SearchAction\",\"target\":{\"@type\":\"EntryPoint\",\"urlTemplate\":\"https:\\\/\\\/banksia.cl\\\/?s={search_term_string}\"},\"query-input\":{\"@type\":\"PropertyValueSpecification\",\"valueRequired\":true,\"valueName\":\"search_term_string\"}}],\"inLanguage\":\"en-AU\"},{\"@type\":\"Organization\",\"@id\":\"https:\\\/\\\/banksia.cl\\\/#organization\",\"name\":\"Agencia Banksia\",\"url\":\"https:\\\/\\\/banksia.cl\\\/\",\"logo\":{\"@type\":\"ImageObject\",\"inLanguage\":\"en-AU\",\"@id\":\"https:\\\/\\\/banksia.cl\\\/#\\\/schema\\\/logo\\\/image\\\/\",\"url\":\"https:\\\/\\\/banksia.cl\\\/wp-content\\\/uploads\\\/2024\\\/11\\\/bannermax4.png\",\"contentUrl\":\"https:\\\/\\\/banksia.cl\\\/wp-content\\\/uploads\\\/2024\\\/11\\\/bannermax4.png\",\"width\":1840,\"height\":362,\"caption\":\"Agencia Banksia\"},\"image\":{\"@id\":\"https:\\\/\\\/banksia.cl\\\/#\\\/schema\\\/logo\\\/image\\\/\"}}]}<\/script>\n<!-- \/ Yoast SEO plugin. -->","yoast_head_json":{"title":"Comunicaci\u00f3n institucional y gesti\u00f3n de prensa - Agencia Banksia","description":"En un mercado competitivo y en constante cambio, contar con un servicio profesional de comunicaci\u00f3n no es solo importante: es estrat\u00e9gico.","robots":{"index":"index","follow":"follow","max-snippet":"max-snippet:-1","max-image-preview":"max-image-preview:large","max-video-preview":"max-video-preview:-1"},"canonical":"https:\/\/banksia.cl\/en\/comunicacion-institucional-prensa\/","og_locale":"en_US","og_type":"article","og_title":"Comunicaci\u00f3n institucional y gesti\u00f3n de prensa - Agencia Banksia","og_description":"En un mercado competitivo y en constante cambio, contar con un servicio profesional de comunicaci\u00f3n no es solo importante: es estrat\u00e9gico.","og_url":"https:\/\/banksia.cl\/en\/comunicacion-institucional-prensa\/","og_site_name":"Agencia Banksia","article_modified_time":"2024-11-19T15:58:39+00:00","og_image":[{"width":1609,"height":536,"url":"https:\/\/banksia.cl\/wp-content\/uploads\/2024\/11\/five-people-talking-over-a-tablet-cropped.webp","type":"image\/webp"}],"twitter_card":"summary_large_image","twitter_misc":{"Est. reading time":"3 minutes"},"schema":{"@context":"https:\/\/schema.org","@graph":[{"@type":"WebPage","@id":"https:\/\/banksia.cl\/comunicacion-institucional-prensa\/","url":"https:\/\/banksia.cl\/comunicacion-institucional-prensa\/","name":"Comunicaci\u00f3n institucional y gesti\u00f3n de prensa - Agencia Banksia","isPartOf":{"@id":"https:\/\/banksia.cl\/#website"},"primaryImageOfPage":{"@id":"https:\/\/banksia.cl\/comunicacion-institucional-prensa\/#primaryimage"},"image":{"@id":"https:\/\/banksia.cl\/comunicacion-institucional-prensa\/#primaryimage"},"thumbnailUrl":"https:\/\/banksia.cl\/wp-content\/uploads\/2024\/11\/five-people-talking-over-a-tablet-cropped.webp","datePublished":"2024-10-28T17:33:26+00:00","dateModified":"2024-11-19T15:58:39+00:00","description":"En un mercado competitivo y en constante cambio, contar con un servicio profesional de comunicaci\u00f3n no es solo importante: es estrat\u00e9gico.","breadcrumb":{"@id":"https:\/\/banksia.cl\/comunicacion-institucional-prensa\/#breadcrumb"},"inLanguage":"en-AU","potentialAction":[{"@type":"ReadAction","target":["https:\/\/banksia.cl\/comunicacion-institucional-prensa\/"]}]},{"@type":"ImageObject","inLanguage":"en-AU","@id":"https:\/\/banksia.cl\/comunicacion-institucional-prensa\/#primaryimage","url":"https:\/\/banksia.cl\/wp-content\/uploads\/2024\/11\/five-people-talking-over-a-tablet-cropped.webp","contentUrl":"https:\/\/banksia.cl\/wp-content\/uploads\/2024\/11\/five-people-talking-over-a-tablet-cropped.webp","width":1609,"height":536},{"@type":"BreadcrumbList","@id":"https:\/\/banksia.cl\/comunicacion-institucional-prensa\/#breadcrumb","itemListElement":[{"@type":"ListItem","position":1,"name":"Portada","item":"https:\/\/banksia.cl\/"},{"@type":"ListItem","position":2,"name":"Comunicaci\u00f3n institucional y gesti\u00f3n de prensa"}]},{"@type":"WebSite","@id":"https:\/\/banksia.cl\/#website","url":"https:\/\/banksia.cl\/","name":"Agencia Banksia","description":"Comunicaciones y marketing digital","publisher":{"@id":"https:\/\/banksia.cl\/#organization"},"potentialAction":[{"@type":"SearchAction","target":{"@type":"EntryPoint","urlTemplate":"https:\/\/banksia.cl\/?s={search_term_string}"},"query-input":{"@type":"PropertyValueSpecification","valueRequired":true,"valueName":"search_term_string"}}],"inLanguage":"en-AU"},{"@type":"Organization","@id":"https:\/\/banksia.cl\/#organization","name":"Agencia Banksia","url":"https:\/\/banksia.cl\/","logo":{"@type":"ImageObject","inLanguage":"en-AU","@id":"https:\/\/banksia.cl\/#\/schema\/logo\/image\/","url":"https:\/\/banksia.cl\/wp-content\/uploads\/2024\/11\/bannermax4.png","contentUrl":"https:\/\/banksia.cl\/wp-content\/uploads\/2024\/11\/bannermax4.png","width":1840,"height":362,"caption":"Agencia Banksia"},"image":{"@id":"https:\/\/banksia.cl\/#\/schema\/logo\/image\/"}}]}},"_links":{"self":[{"href":"https:\/\/banksia.cl\/en\/wp-json\/wp\/v2\/pages\/64","targetHints":{"allow":["GET"]}}],"collection":[{"href":"https:\/\/banksia.cl\/en\/wp-json\/wp\/v2\/pages"}],"about":[{"href":"https:\/\/banksia.cl\/en\/wp-json\/wp\/v2\/types\/page"}],"author":[{"embeddable":true,"href":"https:\/\/banksia.cl\/en\/wp-json\/wp\/v2\/users\/1"}],"replies":[{"embeddable":true,"href":"https:\/\/banksia.cl\/en\/wp-json\/wp\/v2\/comments?post=64"}],"version-history":[{"count":13,"href":"https:\/\/banksia.cl\/en\/wp-json\/wp\/v2\/pages\/64\/revisions"}],"predecessor-version":[{"id":1337,"href":"https:\/\/banksia.cl\/en\/wp-json\/wp\/v2\/pages\/64\/revisions\/1337"}],"wp:featuredmedia":[{"embeddable":true,"href":"https:\/\/banksia.cl\/en\/wp-json\/wp\/v2\/media\/781"}],"wp:attachment":[{"href":"https:\/\/banksia.cl\/en\/wp-json\/wp\/v2\/media?parent=64"}],"wp:term":[{"taxonomy":"category","embeddable":true,"href":"https:\/\/banksia.cl\/en\/wp-json\/wp\/v2\/categories?post=64"},{"taxonomy":"post_tag","embeddable":true,"href":"https:\/\/banksia.cl\/en\/wp-json\/wp\/v2\/tags?post=64"}],"curies":[{"name":"wp","href":"https:\/\/api.w.org\/{rel}","templated":true}]}}