{"id":61,"date":"2024-10-28T17:25:21","date_gmt":"2024-10-28T17:25:21","guid":{"rendered":"https:\/\/banksia.cl\/?page_id=61"},"modified":"2024-11-19T15:57:52","modified_gmt":"2024-11-19T15:57:52","slug":"produccion-periodistica-contenidos-digitales","status":"publish","type":"page","link":"https:\/\/banksia.cl\/en\/produccion-periodistica-contenidos-digitales\/","title":{"rendered":"Producci\u00f3n period\u00edstica y de contenidos digitales"},"content":{"rendered":"<p>&nbsp;<\/p>\r\n<p style=\"text-align: left;\"><span style=\"font-weight: 400;\">\u00bfEres parte de una organizaci\u00f3n p\u00fablica o privada y quieres generar contenidos de ca<\/span><span style=\"font-weight: 400;\">lidad para tu audiencia? Banksia es la respuesta. Nos especializamos en la creaci\u00f3n de contenidos period\u00edsticos para medios, instituciones y negocios, poniendo a tus audiencias en el foco.\u00a0<\/span><\/p>\r\n<p>&nbsp;<\/p>\r\n<p style=\"text-align: left;\"><span style=\"font-weight: 400;\">La producci\u00f3n period\u00edstica es fundamental puesto que asegura la creaci\u00f3n de<\/span>\u00a0informaci\u00f3n relevante, verificada y de alta calidad. A diferencia de otros tipos de contenido, el periodismo sigue principios \u00e9ticos y metodol\u00f3gicos, como la verificaci\u00f3n de hechos, lo que fortalece su credibilidad. Adem\u00e1s, permite que las audiencias tengan acceso a contenidos que no solo informan, sino que tambi\u00e9n educan, entretienen y fomentan el pensamiento cr\u00edtico.\u00a0<\/p>\r\n<p>&nbsp;<\/p>\r\n<p style=\"text-align: left;\"><span style=\"font-weight: 400;\">Una producci\u00f3n de contenido bien estructurada permite que las empresas comuniquen su mensaje de manera efectiva, eduquen a su audiencia y generen confianza, construyendo una imagen s\u00f3lida y profesional. Gracias a este enfoque, una organiza<\/span><span style=\"font-weight: 400;\">ci\u00f3n puede transmitir conocimientos especializados, tendencias de la industria y actualizaciones que ayuden a posicionarla como l\u00edder en su sector.<\/span><\/p>\r\n<p style=\"text-align: left;\">\u00a0<\/p>\r\n<h3 style=\"text-align: left;\"><span style=\"font-weight: 400;\">\u00bfQu\u00e9 contenidos elegir?<\/span><\/h3>\r\n<p style=\"text-align: left;\">\u00a0<\/p>\r\n<p style=\"text-align: left;\"><span style=\"font-weight: 400;\">Si eres parte de las m\u00faltiples instituciones que desean generar impacto, pero no tienen el tiempo ni el personal para cubrir eventos o mostrar al mundo lo que est\u00e1n haciendo, estamos aqu\u00ed para ayudarte. En Banksia tenemos una larga trayectoria en la producci\u00f3n de noticias, reportajes, entrevistas, rese\u00f1as, cr\u00f3nicas, y buscamos el formato que mejor se adapte a tu organizaci\u00f3n.<\/span><\/p>\r\n<p style=\"text-align: left;\">\u00a0<\/p>\r\n<p style=\"text-align: left;\"><span style=\"font-weight: 400;\">En un entorno digital, donde la informaci\u00f3n se difunde masivamente y a gran velocidad, el periodismo marca la diferencia entre contenidos superficiales y aquellos que aportan un valor genuino, ayudando a combatir la desinformaci\u00f3n y las noticias falsas. No solo estamos conscientes de ello, sino que tambi\u00e9n ayudamos a explotar el potencial de tu organizaci\u00f3n con contenidos atractivos y pensados para un correcto posicionamiento en buscadores (Search Engine Optimization).<\/span><\/p>\r\n<p style=\"text-align: left;\">\u00a0<\/p>\r\n<p style=\"text-align: left;\"><span style=\"font-weight: 400;\">En Banksia te apoyamos, ya sea si perteneces a una empresa peque\u00f1a y reci\u00e9n est\u00e1s partiendo en la construcci\u00f3n de tus canales digitales, o alguien consolidado en la industria. Hemos trabajado con peri\u00f3dicos, universidades y organismos p\u00fablicos y privados.<\/span><\/p>\r\n<p style=\"text-align: left;\">\u00a0<\/p>\r\n<p style=\"text-align: left;\"><span style=\"font-weight: 400;\">Cont\u00e1ctanos para recibir toda la informaci\u00f3n de nuestras tarifas y planes personalizados para tu organizaci\u00f3n <a href=\"https:\/\/banksia.cl\/en\/contacto\/\">AQU\u00cd<\/a>.<\/span><\/p>\r\n\r\n\r\n\r\n<p>&nbsp;<\/p>","protected":false},"excerpt":{"rendered":"<p>&nbsp; \u00bfEres parte de una organizaci\u00f3n p\u00fablica o privada y quieres generar contenidos de calidad para tu audiencia? Banksia es la respuesta. Nos especializamos en la creaci\u00f3n de contenidos period\u00edsticos para medios, instituciones y negocios, poniendo a tus audiencias en el foco.\u00a0 &nbsp; La producci\u00f3n period\u00edstica es fundamental puesto que asegura la creaci\u00f3n de\u00a0informaci\u00f3n relevante, [&hellip;]<\/p>\n","protected":false},"author":1,"featured_media":380,"parent":0,"menu_order":0,"comment_status":"closed","ping_status":"closed","template":"","meta":{"footnotes":""},"categories":[26],"tags":[],"class_list":["post-61","page","type-page","status-publish","has-post-thumbnail","hentry","category-servicios"],"yoast_head":"<!-- This site is optimized with the Yoast SEO plugin v27.3 - https:\/\/yoast.com\/product\/yoast-seo-wordpress\/ -->\n<title>Producci\u00f3n period\u00edstica y de contenidos digitales - Agencia Banksia<\/title>\n<meta name=\"description\" content=\"Nos especializamos en la creaci\u00f3n de contenidos period\u00edsticos para medios, instituciones y negocios, poniendo a tus audiencias en el foco.\" \/>\n<meta name=\"robots\" content=\"index, follow, max-snippet:-1, max-image-preview:large, max-video-preview:-1\" \/>\n<link rel=\"canonical\" href=\"https:\/\/banksia.cl\/en\/produccion-periodistica-contenidos-digitales\/\" \/>\n<meta property=\"og:locale\" content=\"en_US\" \/>\n<meta property=\"og:type\" content=\"article\" \/>\n<meta property=\"og:title\" content=\"Producci\u00f3n period\u00edstica y de contenidos digitales - Agencia Banksia\" \/>\n<meta property=\"og:description\" content=\"Nos especializamos en la creaci\u00f3n de contenidos period\u00edsticos para medios, instituciones y negocios, poniendo a tus audiencias en el foco.\" \/>\n<meta property=\"og:url\" content=\"https:\/\/banksia.cl\/en\/produccion-periodistica-contenidos-digitales\/\" \/>\n<meta property=\"og:site_name\" content=\"Agencia Banksia\" \/>\n<meta property=\"article:modified_time\" content=\"2024-11-19T15:57:52+00:00\" \/>\n<meta property=\"og:image\" content=\"https:\/\/banksia.cl\/wp-content\/uploads\/2024\/10\/contenidosdigitales-e1730843735567.webp\" \/>\n\t<meta property=\"og:image:width\" content=\"1399\" \/>\n\t<meta property=\"og:image:height\" content=\"1399\" \/>\n\t<meta property=\"og:image:type\" content=\"image\/webp\" \/>\n<meta name=\"twitter:card\" content=\"summary_large_image\" \/>\n<meta name=\"twitter:label1\" content=\"Est. reading time\" \/>\n\t<meta name=\"twitter:data1\" content=\"2 minutes\" \/>\n<script type=\"application\/ld+json\" class=\"yoast-schema-graph\">{\"@context\":\"https:\\\/\\\/schema.org\",\"@graph\":[{\"@type\":\"WebPage\",\"@id\":\"https:\\\/\\\/banksia.cl\\\/produccion-periodistica-contenidos-digitales\\\/\",\"url\":\"https:\\\/\\\/banksia.cl\\\/produccion-periodistica-contenidos-digitales\\\/\",\"name\":\"Producci\u00f3n period\u00edstica y de contenidos digitales - Agencia Banksia\",\"isPartOf\":{\"@id\":\"https:\\\/\\\/banksia.cl\\\/#website\"},\"primaryImageOfPage\":{\"@id\":\"https:\\\/\\\/banksia.cl\\\/produccion-periodistica-contenidos-digitales\\\/#primaryimage\"},\"image\":{\"@id\":\"https:\\\/\\\/banksia.cl\\\/produccion-periodistica-contenidos-digitales\\\/#primaryimage\"},\"thumbnailUrl\":\"https:\\\/\\\/banksia.cl\\\/wp-content\\\/uploads\\\/2024\\\/10\\\/contenidosdigitales-e1730843735567.webp\",\"datePublished\":\"2024-10-28T17:25:21+00:00\",\"dateModified\":\"2024-11-19T15:57:52+00:00\",\"description\":\"Nos especializamos en la creaci\u00f3n de contenidos period\u00edsticos para medios, instituciones y negocios, poniendo a tus audiencias en el foco.\",\"breadcrumb\":{\"@id\":\"https:\\\/\\\/banksia.cl\\\/produccion-periodistica-contenidos-digitales\\\/#breadcrumb\"},\"inLanguage\":\"en-AU\",\"potentialAction\":[{\"@type\":\"ReadAction\",\"target\":[\"https:\\\/\\\/banksia.cl\\\/produccion-periodistica-contenidos-digitales\\\/\"]}]},{\"@type\":\"ImageObject\",\"inLanguage\":\"en-AU\",\"@id\":\"https:\\\/\\\/banksia.cl\\\/produccion-periodistica-contenidos-digitales\\\/#primaryimage\",\"url\":\"https:\\\/\\\/banksia.cl\\\/wp-content\\\/uploads\\\/2024\\\/10\\\/contenidosdigitales-e1730843735567.webp\",\"contentUrl\":\"https:\\\/\\\/banksia.cl\\\/wp-content\\\/uploads\\\/2024\\\/10\\\/contenidosdigitales-e1730843735567.webp\",\"width\":1399,\"height\":1399,\"caption\":\"\u00bfEres parte de una organizaci\u00f3n p\u00fablica o privada y quieres generar contenido de calidad para tu audiencia? Banksia es la respuesta.\"},{\"@type\":\"BreadcrumbList\",\"@id\":\"https:\\\/\\\/banksia.cl\\\/produccion-periodistica-contenidos-digitales\\\/#breadcrumb\",\"itemListElement\":[{\"@type\":\"ListItem\",\"position\":1,\"name\":\"Portada\",\"item\":\"https:\\\/\\\/banksia.cl\\\/\"},{\"@type\":\"ListItem\",\"position\":2,\"name\":\"Producci\u00f3n period\u00edstica y de contenidos digitales\"}]},{\"@type\":\"WebSite\",\"@id\":\"https:\\\/\\\/banksia.cl\\\/#website\",\"url\":\"https:\\\/\\\/banksia.cl\\\/\",\"name\":\"Agencia Banksia\",\"description\":\"Comunicaciones y marketing digital\",\"publisher\":{\"@id\":\"https:\\\/\\\/banksia.cl\\\/#organization\"},\"potentialAction\":[{\"@type\":\"SearchAction\",\"target\":{\"@type\":\"EntryPoint\",\"urlTemplate\":\"https:\\\/\\\/banksia.cl\\\/?s={search_term_string}\"},\"query-input\":{\"@type\":\"PropertyValueSpecification\",\"valueRequired\":true,\"valueName\":\"search_term_string\"}}],\"inLanguage\":\"en-AU\"},{\"@type\":\"Organization\",\"@id\":\"https:\\\/\\\/banksia.cl\\\/#organization\",\"name\":\"Agencia Banksia\",\"url\":\"https:\\\/\\\/banksia.cl\\\/\",\"logo\":{\"@type\":\"ImageObject\",\"inLanguage\":\"en-AU\",\"@id\":\"https:\\\/\\\/banksia.cl\\\/#\\\/schema\\\/logo\\\/image\\\/\",\"url\":\"https:\\\/\\\/banksia.cl\\\/wp-content\\\/uploads\\\/2024\\\/11\\\/bannermax4.png\",\"contentUrl\":\"https:\\\/\\\/banksia.cl\\\/wp-content\\\/uploads\\\/2024\\\/11\\\/bannermax4.png\",\"width\":1840,\"height\":362,\"caption\":\"Agencia Banksia\"},\"image\":{\"@id\":\"https:\\\/\\\/banksia.cl\\\/#\\\/schema\\\/logo\\\/image\\\/\"}}]}<\/script>\n<!-- \/ Yoast SEO plugin. -->","yoast_head_json":{"title":"Producci\u00f3n period\u00edstica y de contenidos digitales - Agencia Banksia","description":"Nos especializamos en la creaci\u00f3n de contenidos period\u00edsticos para medios, instituciones y negocios, poniendo a tus audiencias en el foco.","robots":{"index":"index","follow":"follow","max-snippet":"max-snippet:-1","max-image-preview":"max-image-preview:large","max-video-preview":"max-video-preview:-1"},"canonical":"https:\/\/banksia.cl\/en\/produccion-periodistica-contenidos-digitales\/","og_locale":"en_US","og_type":"article","og_title":"Producci\u00f3n period\u00edstica y de contenidos digitales - Agencia Banksia","og_description":"Nos especializamos en la creaci\u00f3n de contenidos period\u00edsticos para medios, instituciones y negocios, poniendo a tus audiencias en el foco.","og_url":"https:\/\/banksia.cl\/en\/produccion-periodistica-contenidos-digitales\/","og_site_name":"Agencia Banksia","article_modified_time":"2024-11-19T15:57:52+00:00","og_image":[{"width":1399,"height":1399,"url":"https:\/\/banksia.cl\/wp-content\/uploads\/2024\/10\/contenidosdigitales-e1730843735567.webp","type":"image\/webp"}],"twitter_card":"summary_large_image","twitter_misc":{"Est. reading time":"2 minutes"},"schema":{"@context":"https:\/\/schema.org","@graph":[{"@type":"WebPage","@id":"https:\/\/banksia.cl\/produccion-periodistica-contenidos-digitales\/","url":"https:\/\/banksia.cl\/produccion-periodistica-contenidos-digitales\/","name":"Producci\u00f3n period\u00edstica y de contenidos digitales - Agencia Banksia","isPartOf":{"@id":"https:\/\/banksia.cl\/#website"},"primaryImageOfPage":{"@id":"https:\/\/banksia.cl\/produccion-periodistica-contenidos-digitales\/#primaryimage"},"image":{"@id":"https:\/\/banksia.cl\/produccion-periodistica-contenidos-digitales\/#primaryimage"},"thumbnailUrl":"https:\/\/banksia.cl\/wp-content\/uploads\/2024\/10\/contenidosdigitales-e1730843735567.webp","datePublished":"2024-10-28T17:25:21+00:00","dateModified":"2024-11-19T15:57:52+00:00","description":"Nos especializamos en la creaci\u00f3n de contenidos period\u00edsticos para medios, instituciones y negocios, poniendo a tus audiencias en el foco.","breadcrumb":{"@id":"https:\/\/banksia.cl\/produccion-periodistica-contenidos-digitales\/#breadcrumb"},"inLanguage":"en-AU","potentialAction":[{"@type":"ReadAction","target":["https:\/\/banksia.cl\/produccion-periodistica-contenidos-digitales\/"]}]},{"@type":"ImageObject","inLanguage":"en-AU","@id":"https:\/\/banksia.cl\/produccion-periodistica-contenidos-digitales\/#primaryimage","url":"https:\/\/banksia.cl\/wp-content\/uploads\/2024\/10\/contenidosdigitales-e1730843735567.webp","contentUrl":"https:\/\/banksia.cl\/wp-content\/uploads\/2024\/10\/contenidosdigitales-e1730843735567.webp","width":1399,"height":1399,"caption":"\u00bfEres parte de una organizaci\u00f3n p\u00fablica o privada y quieres generar contenido de calidad para tu audiencia? Banksia es la respuesta."},{"@type":"BreadcrumbList","@id":"https:\/\/banksia.cl\/produccion-periodistica-contenidos-digitales\/#breadcrumb","itemListElement":[{"@type":"ListItem","position":1,"name":"Portada","item":"https:\/\/banksia.cl\/"},{"@type":"ListItem","position":2,"name":"Producci\u00f3n period\u00edstica y de contenidos digitales"}]},{"@type":"WebSite","@id":"https:\/\/banksia.cl\/#website","url":"https:\/\/banksia.cl\/","name":"Agencia Banksia","description":"Comunicaciones y marketing digital","publisher":{"@id":"https:\/\/banksia.cl\/#organization"},"potentialAction":[{"@type":"SearchAction","target":{"@type":"EntryPoint","urlTemplate":"https:\/\/banksia.cl\/?s={search_term_string}"},"query-input":{"@type":"PropertyValueSpecification","valueRequired":true,"valueName":"search_term_string"}}],"inLanguage":"en-AU"},{"@type":"Organization","@id":"https:\/\/banksia.cl\/#organization","name":"Agencia Banksia","url":"https:\/\/banksia.cl\/","logo":{"@type":"ImageObject","inLanguage":"en-AU","@id":"https:\/\/banksia.cl\/#\/schema\/logo\/image\/","url":"https:\/\/banksia.cl\/wp-content\/uploads\/2024\/11\/bannermax4.png","contentUrl":"https:\/\/banksia.cl\/wp-content\/uploads\/2024\/11\/bannermax4.png","width":1840,"height":362,"caption":"Agencia Banksia"},"image":{"@id":"https:\/\/banksia.cl\/#\/schema\/logo\/image\/"}}]}},"_links":{"self":[{"href":"https:\/\/banksia.cl\/en\/wp-json\/wp\/v2\/pages\/61","targetHints":{"allow":["GET"]}}],"collection":[{"href":"https:\/\/banksia.cl\/en\/wp-json\/wp\/v2\/pages"}],"about":[{"href":"https:\/\/banksia.cl\/en\/wp-json\/wp\/v2\/types\/page"}],"author":[{"embeddable":true,"href":"https:\/\/banksia.cl\/en\/wp-json\/wp\/v2\/users\/1"}],"replies":[{"embeddable":true,"href":"https:\/\/banksia.cl\/en\/wp-json\/wp\/v2\/comments?post=61"}],"version-history":[{"count":12,"href":"https:\/\/banksia.cl\/en\/wp-json\/wp\/v2\/pages\/61\/revisions"}],"predecessor-version":[{"id":1336,"href":"https:\/\/banksia.cl\/en\/wp-json\/wp\/v2\/pages\/61\/revisions\/1336"}],"wp:featuredmedia":[{"embeddable":true,"href":"https:\/\/banksia.cl\/en\/wp-json\/wp\/v2\/media\/380"}],"wp:attachment":[{"href":"https:\/\/banksia.cl\/en\/wp-json\/wp\/v2\/media?parent=61"}],"wp:term":[{"taxonomy":"category","embeddable":true,"href":"https:\/\/banksia.cl\/en\/wp-json\/wp\/v2\/categories?post=61"},{"taxonomy":"post_tag","embeddable":true,"href":"https:\/\/banksia.cl\/en\/wp-json\/wp\/v2\/tags?post=61"}],"curies":[{"name":"wp","href":"https:\/\/api.w.org\/{rel}","templated":true}]}}