{"id":58,"date":"2024-10-28T16:39:18","date_gmt":"2024-10-28T16:39:18","guid":{"rendered":"https:\/\/banksia.cl\/?page_id=58"},"modified":"2024-12-05T18:25:38","modified_gmt":"2024-12-05T18:25:38","slug":"agencia-marketing-conocenos","status":"publish","type":"page","link":"https:\/\/banksia.cl\/en\/agencia-marketing-conocenos\/","title":{"rendered":"Agregamos valor con tus clientes en el centro"},"content":{"rendered":"<p><\/p>\r\n<p><\/p>\r\n<p><\/p>\r\n<p>&nbsp;<\/p>\r\n<p>Agencia Banksia nace en la vibrante ciudad de Vi\u00f1a del Mar, con el objetivo de potenciar la presencia de organizaciones que busquen marcar una diferencia en sus audiencias. Sabemos que el mundo digital es el puente entre negocios y clientes, por eso, queremos ser el veh\u00edculo para aquellos que necesitan comunicar su esencia de manera aut\u00e9ntica, eficiente y profesional.<\/p>\r\n<p>&nbsp;<\/p>\r\n<p>Creemos que una estrategia bien pensada puede ser la diferencia entre un mensaje perdido en el ruido y uno que encuentra su audiencia ideal. De este modo, nos enfocamos en entender cada proyecto como \u00fanico, explorando sus particularidades para crear estrategias personalizadas que reflejen realmente los prop\u00f3sitos de cada cliente.<\/p>\r\n<p>&nbsp;<\/p>\r\n<p>A trav\u00e9s de nuestra experiencia en periodismo, marketing y desarrollo web, ayudamos a nuestros clientes a navegar el vasto universo digital, gui\u00e1ndolos con profesionalismo y generando valor para quienes se encuentran al otro lado de la pantalla. Al hacerlo, los ayudamos a encontrar su \u00a0&#8216;match &#8216; perfecto: ese punto de conexi\u00f3n genuino entre sus servicios y las necesidades de sus usuarios.<\/p>\r\n<p>&nbsp;<\/p>\r\n<p>Queremos seguir creciendo contigo y avanzando en nuestro en prop\u00f3sito original: contribuir a que organizaciones progresen en el mundo digital, de manera s\u00f3lida y duradera. Cu\u00e9ntanos tu proyecto y encontraremos el mejor plan para potenciar tu negocio. Escr\u00edbenos <a href=\"https:\/\/banksia.cl\/en\/contacto\/\">AQU\u00cd<\/a>.<\/p>\r\n<p><\/p>\r\n<p><\/p>\r\n<p><\/p>\r\n<p><\/p>\r\n<p><\/p>\r\n<p><\/p>\r\n<p><\/p>\r\n<p><\/p>\r\n<p><\/p>\r\n<p><\/p>\r\n<p><\/p>\r\n<p><\/p>\r\n<p><\/p>\r\n<p><\/p>\r\n<p><\/p>\r\n<p><\/p>\r\n<p><\/p>\r\n<p><\/p>\r\n<p><\/p>\r\n<p><\/p>\r\n<p><\/p>","protected":false},"excerpt":{"rendered":"<p>&nbsp; Agencia Banksia nace en la vibrante ciudad de Vi\u00f1a del Mar, con el objetivo de potenciar la presencia de organizaciones que busquen marcar una diferencia en sus audiencias. Sabemos que el mundo digital es el puente entre negocios y clientes, por eso, queremos ser el veh\u00edculo para aquellos que necesitan comunicar su esencia de [&hellip;]<\/p>\n","protected":false},"author":1,"featured_media":553,"parent":0,"menu_order":0,"comment_status":"closed","ping_status":"closed","template":"","meta":{"footnotes":""},"categories":[],"tags":[],"class_list":["post-58","page","type-page","status-publish","has-post-thumbnail","hentry"],"yoast_head":"<!-- This site is optimized with the Yoast SEO plugin v27.3 - https:\/\/yoast.com\/product\/yoast-seo-wordpress\/ -->\n<title>Agregamos valor con tus clientes en el centro - Agencia Banksia<\/title>\n<meta name=\"description\" content=\"Agencia Banksia nace con el objetivo de potenciar la presencia de organizaciones que buscan marcar diferencia. \u00a1Damos valor a tu contenido!\" \/>\n<meta name=\"robots\" content=\"index, follow, max-snippet:-1, max-image-preview:large, max-video-preview:-1\" \/>\n<link rel=\"canonical\" href=\"https:\/\/banksia.cl\/en\/agencia-marketing-conocenos\/\" \/>\n<meta property=\"og:locale\" content=\"en_US\" \/>\n<meta property=\"og:type\" content=\"article\" \/>\n<meta property=\"og:title\" content=\"Agregamos valor con tus clientes en el centro - Agencia Banksia\" \/>\n<meta property=\"og:description\" content=\"Agencia Banksia nace con el objetivo de potenciar la presencia de organizaciones que buscan marcar diferencia. \u00a1Damos valor a tu contenido!\" \/>\n<meta property=\"og:url\" content=\"https:\/\/banksia.cl\/en\/agencia-marketing-conocenos\/\" \/>\n<meta property=\"og:site_name\" content=\"Agencia Banksia\" \/>\n<meta property=\"article:modified_time\" content=\"2024-12-05T18:25:38+00:00\" \/>\n<meta property=\"og:image\" content=\"https:\/\/banksia.cl\/wp-content\/uploads\/2024\/11\/banksia-e1730941956278.jpeg\" \/>\n\t<meta property=\"og:image:width\" content=\"993\" \/>\n\t<meta property=\"og:image:height\" content=\"431\" \/>\n\t<meta property=\"og:image:type\" content=\"image\/jpeg\" \/>\n<meta name=\"twitter:card\" content=\"summary_large_image\" \/>\n<meta name=\"twitter:label1\" content=\"Est. reading time\" \/>\n\t<meta name=\"twitter:data1\" content=\"2 minutes\" \/>\n<script type=\"application\/ld+json\" class=\"yoast-schema-graph\">{\"@context\":\"https:\\\/\\\/schema.org\",\"@graph\":[{\"@type\":\"WebPage\",\"@id\":\"https:\\\/\\\/banksia.cl\\\/agencia-marketing-conocenos\\\/\",\"url\":\"https:\\\/\\\/banksia.cl\\\/agencia-marketing-conocenos\\\/\",\"name\":\"Agregamos valor con tus clientes en el centro - Agencia Banksia\",\"isPartOf\":{\"@id\":\"https:\\\/\\\/banksia.cl\\\/#website\"},\"primaryImageOfPage\":{\"@id\":\"https:\\\/\\\/banksia.cl\\\/agencia-marketing-conocenos\\\/#primaryimage\"},\"image\":{\"@id\":\"https:\\\/\\\/banksia.cl\\\/agencia-marketing-conocenos\\\/#primaryimage\"},\"thumbnailUrl\":\"https:\\\/\\\/banksia.cl\\\/wp-content\\\/uploads\\\/2024\\\/11\\\/banksia-e1730941956278.jpeg\",\"datePublished\":\"2024-10-28T16:39:18+00:00\",\"dateModified\":\"2024-12-05T18:25:38+00:00\",\"description\":\"Agencia Banksia nace con el objetivo de potenciar la presencia de organizaciones que buscan marcar diferencia. \u00a1Damos valor a tu contenido!\",\"breadcrumb\":{\"@id\":\"https:\\\/\\\/banksia.cl\\\/agencia-marketing-conocenos\\\/#breadcrumb\"},\"inLanguage\":\"en-AU\",\"potentialAction\":[{\"@type\":\"ReadAction\",\"target\":[\"https:\\\/\\\/banksia.cl\\\/agencia-marketing-conocenos\\\/\"]}]},{\"@type\":\"ImageObject\",\"inLanguage\":\"en-AU\",\"@id\":\"https:\\\/\\\/banksia.cl\\\/agencia-marketing-conocenos\\\/#primaryimage\",\"url\":\"https:\\\/\\\/banksia.cl\\\/wp-content\\\/uploads\\\/2024\\\/11\\\/banksia-e1730941956278.jpeg\",\"contentUrl\":\"https:\\\/\\\/banksia.cl\\\/wp-content\\\/uploads\\\/2024\\\/11\\\/banksia-e1730941956278.jpeg\",\"width\":993,\"height\":431,\"caption\":\"Crecimiento Digital\"},{\"@type\":\"BreadcrumbList\",\"@id\":\"https:\\\/\\\/banksia.cl\\\/agencia-marketing-conocenos\\\/#breadcrumb\",\"itemListElement\":[{\"@type\":\"ListItem\",\"position\":1,\"name\":\"Portada\",\"item\":\"https:\\\/\\\/banksia.cl\\\/\"},{\"@type\":\"ListItem\",\"position\":2,\"name\":\"Agregamos valor con tus clientes en el centro\"}]},{\"@type\":\"WebSite\",\"@id\":\"https:\\\/\\\/banksia.cl\\\/#website\",\"url\":\"https:\\\/\\\/banksia.cl\\\/\",\"name\":\"Agencia Banksia\",\"description\":\"Comunicaciones y marketing digital\",\"publisher\":{\"@id\":\"https:\\\/\\\/banksia.cl\\\/#organization\"},\"potentialAction\":[{\"@type\":\"SearchAction\",\"target\":{\"@type\":\"EntryPoint\",\"urlTemplate\":\"https:\\\/\\\/banksia.cl\\\/?s={search_term_string}\"},\"query-input\":{\"@type\":\"PropertyValueSpecification\",\"valueRequired\":true,\"valueName\":\"search_term_string\"}}],\"inLanguage\":\"en-AU\"},{\"@type\":\"Organization\",\"@id\":\"https:\\\/\\\/banksia.cl\\\/#organization\",\"name\":\"Agencia Banksia\",\"url\":\"https:\\\/\\\/banksia.cl\\\/\",\"logo\":{\"@type\":\"ImageObject\",\"inLanguage\":\"en-AU\",\"@id\":\"https:\\\/\\\/banksia.cl\\\/#\\\/schema\\\/logo\\\/image\\\/\",\"url\":\"https:\\\/\\\/banksia.cl\\\/wp-content\\\/uploads\\\/2024\\\/11\\\/bannermax4.png\",\"contentUrl\":\"https:\\\/\\\/banksia.cl\\\/wp-content\\\/uploads\\\/2024\\\/11\\\/bannermax4.png\",\"width\":1840,\"height\":362,\"caption\":\"Agencia Banksia\"},\"image\":{\"@id\":\"https:\\\/\\\/banksia.cl\\\/#\\\/schema\\\/logo\\\/image\\\/\"}}]}<\/script>\n<!-- \/ Yoast SEO plugin. -->","yoast_head_json":{"title":"Agregamos valor con tus clientes en el centro - Agencia Banksia","description":"Agencia Banksia nace con el objetivo de potenciar la presencia de organizaciones que buscan marcar diferencia. \u00a1Damos valor a tu contenido!","robots":{"index":"index","follow":"follow","max-snippet":"max-snippet:-1","max-image-preview":"max-image-preview:large","max-video-preview":"max-video-preview:-1"},"canonical":"https:\/\/banksia.cl\/en\/agencia-marketing-conocenos\/","og_locale":"en_US","og_type":"article","og_title":"Agregamos valor con tus clientes en el centro - Agencia Banksia","og_description":"Agencia Banksia nace con el objetivo de potenciar la presencia de organizaciones que buscan marcar diferencia. \u00a1Damos valor a tu contenido!","og_url":"https:\/\/banksia.cl\/en\/agencia-marketing-conocenos\/","og_site_name":"Agencia Banksia","article_modified_time":"2024-12-05T18:25:38+00:00","og_image":[{"width":993,"height":431,"url":"https:\/\/banksia.cl\/wp-content\/uploads\/2024\/11\/banksia-e1730941956278.jpeg","type":"image\/jpeg"}],"twitter_card":"summary_large_image","twitter_misc":{"Est. reading time":"2 minutes"},"schema":{"@context":"https:\/\/schema.org","@graph":[{"@type":"WebPage","@id":"https:\/\/banksia.cl\/agencia-marketing-conocenos\/","url":"https:\/\/banksia.cl\/agencia-marketing-conocenos\/","name":"Agregamos valor con tus clientes en el centro - Agencia Banksia","isPartOf":{"@id":"https:\/\/banksia.cl\/#website"},"primaryImageOfPage":{"@id":"https:\/\/banksia.cl\/agencia-marketing-conocenos\/#primaryimage"},"image":{"@id":"https:\/\/banksia.cl\/agencia-marketing-conocenos\/#primaryimage"},"thumbnailUrl":"https:\/\/banksia.cl\/wp-content\/uploads\/2024\/11\/banksia-e1730941956278.jpeg","datePublished":"2024-10-28T16:39:18+00:00","dateModified":"2024-12-05T18:25:38+00:00","description":"Agencia Banksia nace con el objetivo de potenciar la presencia de organizaciones que buscan marcar diferencia. \u00a1Damos valor a tu contenido!","breadcrumb":{"@id":"https:\/\/banksia.cl\/agencia-marketing-conocenos\/#breadcrumb"},"inLanguage":"en-AU","potentialAction":[{"@type":"ReadAction","target":["https:\/\/banksia.cl\/agencia-marketing-conocenos\/"]}]},{"@type":"ImageObject","inLanguage":"en-AU","@id":"https:\/\/banksia.cl\/agencia-marketing-conocenos\/#primaryimage","url":"https:\/\/banksia.cl\/wp-content\/uploads\/2024\/11\/banksia-e1730941956278.jpeg","contentUrl":"https:\/\/banksia.cl\/wp-content\/uploads\/2024\/11\/banksia-e1730941956278.jpeg","width":993,"height":431,"caption":"Crecimiento Digital"},{"@type":"BreadcrumbList","@id":"https:\/\/banksia.cl\/agencia-marketing-conocenos\/#breadcrumb","itemListElement":[{"@type":"ListItem","position":1,"name":"Portada","item":"https:\/\/banksia.cl\/"},{"@type":"ListItem","position":2,"name":"Agregamos valor con tus clientes en el centro"}]},{"@type":"WebSite","@id":"https:\/\/banksia.cl\/#website","url":"https:\/\/banksia.cl\/","name":"Agencia Banksia","description":"Comunicaciones y marketing digital","publisher":{"@id":"https:\/\/banksia.cl\/#organization"},"potentialAction":[{"@type":"SearchAction","target":{"@type":"EntryPoint","urlTemplate":"https:\/\/banksia.cl\/?s={search_term_string}"},"query-input":{"@type":"PropertyValueSpecification","valueRequired":true,"valueName":"search_term_string"}}],"inLanguage":"en-AU"},{"@type":"Organization","@id":"https:\/\/banksia.cl\/#organization","name":"Agencia Banksia","url":"https:\/\/banksia.cl\/","logo":{"@type":"ImageObject","inLanguage":"en-AU","@id":"https:\/\/banksia.cl\/#\/schema\/logo\/image\/","url":"https:\/\/banksia.cl\/wp-content\/uploads\/2024\/11\/bannermax4.png","contentUrl":"https:\/\/banksia.cl\/wp-content\/uploads\/2024\/11\/bannermax4.png","width":1840,"height":362,"caption":"Agencia Banksia"},"image":{"@id":"https:\/\/banksia.cl\/#\/schema\/logo\/image\/"}}]}},"_links":{"self":[{"href":"https:\/\/banksia.cl\/en\/wp-json\/wp\/v2\/pages\/58","targetHints":{"allow":["GET"]}}],"collection":[{"href":"https:\/\/banksia.cl\/en\/wp-json\/wp\/v2\/pages"}],"about":[{"href":"https:\/\/banksia.cl\/en\/wp-json\/wp\/v2\/types\/page"}],"author":[{"embeddable":true,"href":"https:\/\/banksia.cl\/en\/wp-json\/wp\/v2\/users\/1"}],"replies":[{"embeddable":true,"href":"https:\/\/banksia.cl\/en\/wp-json\/wp\/v2\/comments?post=58"}],"version-history":[{"count":53,"href":"https:\/\/banksia.cl\/en\/wp-json\/wp\/v2\/pages\/58\/revisions"}],"predecessor-version":[{"id":1944,"href":"https:\/\/banksia.cl\/en\/wp-json\/wp\/v2\/pages\/58\/revisions\/1944"}],"wp:featuredmedia":[{"embeddable":true,"href":"https:\/\/banksia.cl\/en\/wp-json\/wp\/v2\/media\/553"}],"wp:attachment":[{"href":"https:\/\/banksia.cl\/en\/wp-json\/wp\/v2\/media?parent=58"}],"wp:term":[{"taxonomy":"category","embeddable":true,"href":"https:\/\/banksia.cl\/en\/wp-json\/wp\/v2\/categories?post=58"},{"taxonomy":"post_tag","embeddable":true,"href":"https:\/\/banksia.cl\/en\/wp-json\/wp\/v2\/tags?post=58"}],"curies":[{"name":"wp","href":"https:\/\/api.w.org\/{rel}","templated":true}]}}